{"id":1094,"date":"2015-03-12T15:33:54","date_gmt":"2015-03-12T14:33:54","guid":{"rendered":"https:\/\/citymuseum.lu\/das-museum\/lieu-et-batiment\/"},"modified":"2015-08-04T10:32:49","modified_gmt":"2015-08-04T08:32:49","slug":"museum-und-architectur","status":"publish","type":"page","link":"https:\/\/citymuseum.lu\/de\/das-museum\/museum-und-architectur\/","title":{"rendered":"Architektur des Museums"},"content":{"rendered":"<p>Im Rahmen der Erhaltung der historischen Bausubstanz in der Stadt wurde das Historische Museum in ein Ensemble aus vier alten B\u00fcrgerh\u00e4usern des 17. bis 19. Jahrhunderts, die auch mittelalterliche Strukturen enthalten, eingebaut. Die Ergebnisse einer arch\u00e4ologischen Untersuchung haben die Baugeschichte der Geb\u00e4ude verst\u00e4ndlich gemacht und konnten gleichzeitig in die architektonische und museographische Konzeption des Hauses integriert werden. Zwei Beispiele f\u00fcr die besonders gelungene Anpassung der alten Bausubstanz an moderne Erfordernisse sind die &#8220;schwebende&#8221; Glasfassade und der Panoramalift, der die Gesamth\u00f6he des Museums durchf\u00e4hrt und dabei spektakul\u00e4re Perspektiven er\u00f6ffnet.<\/p>\n<p>Die Architektur des Museums besticht durch ihre Vertikalit\u00e4t, das acht Stockwerke umfassenden Geb\u00e4ude (wovon sechs f\u00fcr die Besucher zug\u00e4nglich sind), und spiegelt damit den Aufbau der Stadt selbst wider.Mit 18 m2 bildet der Lift einen eigenen Ausstellungsraum, der bis zu 65 Personen fasst. Dank\u00a0der Glasw\u00e4nde und des langsamen Tempos sieht der Besucher in den unteren Etagen den nackten Fels, um anschlie\u00dfend von den oberen Stockwerken aus das Panorama von Grund und Rhamplateau zu bewundern. Bei einer Fahrt mit dem Aufzug zeigen sich die verschiedenen Schichten der Stadthistorie, wodurch 1000 Jahre Geschichte in wenigen Minuten erlebbar werden.<\/p>\n<p>Architektur: Conny Lentz &#8211; 1996<br \/>\nArchitektur und Museografie: Adeline Rispal und Jean-Jacques Raynaud f\u00fcr Rep\u00e9rages &#8211; 1996<\/p>\n","protected":false},"excerpt":{"rendered":"<p>Im Rahmen der Erhaltung der historischen Bausubstanz in der Stadt wurde das Historische Museum in ein Ensemble aus vier alten B\u00fcrgerh\u00e4usern des 17. bis 19. Jahrhunderts, die auch mittelalterliche Strukturen enthalten, eingebaut. Die Ergebnisse einer arch\u00e4ologischen Untersuchung haben die Baugeschichte der Geb\u00e4ude verst\u00e4ndlich gemacht und konnten gleichzeitig in die architektonische und museographische Konzeption des Hauses [&hellip;]<\/p>\n","protected":false},"author":3,"featured_media":4659,"parent":304,"menu_order":1,"comment_status":"open","ping_status":"open","template":"page-templates\/generic-page.php","meta":{"_acf_changed":false,"footnotes":""},"event-type":[],"public-type":[],"page-group":[174,178],"class_list":["post-1094","page","type-page","status-publish","has-post-thumbnail","hentry","page-group-museum","page-group-musee-de"],"acf":[],"aioseo_notices":[],"_links":{"self":[{"href":"https:\/\/citymuseum.lu\/de\/wp-json\/wp\/v2\/pages\/1094","targetHints":{"allow":["GET"]}}],"collection":[{"href":"https:\/\/citymuseum.lu\/de\/wp-json\/wp\/v2\/pages"}],"about":[{"href":"https:\/\/citymuseum.lu\/de\/wp-json\/wp\/v2\/types\/page"}],"author":[{"embeddable":true,"href":"https:\/\/citymuseum.lu\/de\/wp-json\/wp\/v2\/users\/3"}],"replies":[{"embeddable":true,"href":"https:\/\/citymuseum.lu\/de\/wp-json\/wp\/v2\/comments?post=1094"}],"version-history":[{"count":12,"href":"https:\/\/citymuseum.lu\/de\/wp-json\/wp\/v2\/pages\/1094\/revisions"}],"predecessor-version":[{"id":5655,"href":"https:\/\/citymuseum.lu\/de\/wp-json\/wp\/v2\/pages\/1094\/revisions\/5655"}],"up":[{"embeddable":true,"href":"https:\/\/citymuseum.lu\/de\/wp-json\/wp\/v2\/pages\/304"}],"wp:featuredmedia":[{"embeddable":true,"href":"https:\/\/citymuseum.lu\/de\/wp-json\/wp\/v2\/media\/4659"}],"wp:attachment":[{"href":"https:\/\/citymuseum.lu\/de\/wp-json\/wp\/v2\/media?parent=1094"}],"wp:term":[{"taxonomy":"event-type","embeddable":true,"href":"https:\/\/citymuseum.lu\/de\/wp-json\/wp\/v2\/event-type?post=1094"},{"taxonomy":"public-type","embeddable":true,"href":"https:\/\/citymuseum.lu\/de\/wp-json\/wp\/v2\/public-type?post=1094"},{"taxonomy":"page-group","embeddable":true,"href":"https:\/\/citymuseum.lu\/de\/wp-json\/wp\/v2\/page-group?post=1094"}],"curies":[{"name":"wp","href":"https:\/\/api.w.org\/{rel}","templated":true}]}}