{"id":12926,"date":"2019-11-15T10:45:29","date_gmt":"2019-11-15T09:45:29","guid":{"rendered":"https:\/\/citymuseum.lu\/das-museum\/unesco\/"},"modified":"2025-07-17T09:54:24","modified_gmt":"2025-07-17T07:54:24","slug":"unesco","status":"publish","type":"page","link":"https:\/\/citymuseum.lu\/de\/das-museum\/unesco\/","title":{"rendered":"UNESCO &#8211; Visitor Centre"},"content":{"rendered":"<p><strong>+++ NEU +++<br \/>\n<a href=\"https:\/\/my.matterport.com\/show\/?m=KyJcdqphPLi\">Entdecken Sie das Besucherzentrum in 3D<\/a><\/strong><\/p>\n<p>Seit dem 25. Jahrestag der Eintragung der St\u00e4tte &#8220;Luxemburg, Altstadt und Festungen&#8221; beherbergt das L\u00ebtzebuerg City Museum das UNESCO Visitor Centre:<br \/>\nBesucher und Einwohner der Stadt k\u00f6nnen sich hier \u00fcber die wichtigsten Aspekte rund um das Welterbe informieren: die Urspr\u00fcnge und die Bedeutung der St\u00e4tte, ihre Merkmale und Kriterien, ihre Erhaltung und ihre Integration in die Stadtentwicklung.<\/p>\n<p>Das Visitor Center bietet eine erste Orientierung, um das UNESCO-Weltkulturerbe zu entdecken.<\/p>\n<p>&nbsp;<\/p>\n<hr \/>\n<p>&nbsp;<\/p>\n<p>Videopr\u00e4sentation in luxemburgischer Sprache von Guy Jourdain, Pr\u00e4sident des &#8220;Comit\u00e9 Alstad&#8221;, \u00fcber die Geschichte der &#8220;\u00c9imaischen&#8221; als immaterielles Kulturerbe der UNESCO-Zone &#8220;Luxemburg, vieux quartiers et fortifications&#8221;.<\/p>\n<p>&nbsp;<br \/>\n<iframe loading=\"lazy\" title=\"D&#039;\u00c9imaischen\" width=\"573\" height=\"322\" src=\"https:\/\/www.youtube.com\/embed\/P9NKeM57lW0?feature=oembed\" frameborder=\"0\" allow=\"accelerometer; autoplay; clipboard-write; encrypted-media; gyroscope; picture-in-picture; web-share\" referrerpolicy=\"strict-origin-when-cross-origin\" allowfullscreen><\/iframe><br \/>\n&nbsp;<\/p>\n<hr \/>\n<p>&nbsp;<\/p>\n<p>Schon zu Zeiten der Festung wurden die Rosen, die auf den Feldern der Stadt Luxemburg und ihrer Umgebung wuchsen, in die ganze Welt exportiert. Bis zu 10 Millionen Pflanzen verlassen jedes Jahr die Luxemburger Roseng\u00e4rten, um unter anderem in den f\u00fcrstlichen, k\u00f6niglichen und pr\u00e4sidialen Parks zu bl\u00fchen. Viele Rosensorten der damaligen Zeit trugen die Namen von gekr\u00f6nten H\u00e4uptern, Staatspr\u00e4sidenten, Ber\u00fchmtheiten und Mitgliedern der Rosenz\u00fcchterfamilien.<\/p>\n<p>Organisiert von &#8220;Patrimoine Roses pour le Luxembourg&#8221; asbl, pr\u00e4sentiert deren Pr\u00e4sidentin, Dr. Claudine Als, die reiche Geschichte und faszinierende Anekdoten \u00fcber die Rosenzucht in Luxemburg.<\/p>\n<p>&nbsp;<\/p>\n<p>Luxemburger Videopr\u00e4sentation<\/p>\n<p><iframe loading=\"lazy\" title=\"D&#039;Kultur vun de Rousen an hiren Impakt zu L\u00ebtzebuerg\" width=\"573\" height=\"322\" src=\"https:\/\/www.youtube.com\/embed\/XhlqPA7EYRA?feature=oembed\" frameborder=\"0\" allow=\"accelerometer; autoplay; clipboard-write; encrypted-media; gyroscope; picture-in-picture; web-share\" referrerpolicy=\"strict-origin-when-cross-origin\" allowfullscreen><\/iframe><\/p>\n<p>&nbsp;<\/p>\n<p>Franz\u00f6sische Videopr\u00e4sentation<\/p>\n<p><iframe loading=\"lazy\" title=\"La culture des roses et son impact au Luxembourg\" width=\"573\" height=\"322\" src=\"https:\/\/www.youtube.com\/embed\/tTOug0lvGgw?feature=oembed\" frameborder=\"0\" allow=\"accelerometer; autoplay; clipboard-write; encrypted-media; gyroscope; picture-in-picture; web-share\" referrerpolicy=\"strict-origin-when-cross-origin\" allowfullscreen><\/iframe><\/p>\n<p><img loading=\"lazy\" decoding=\"async\" class=\"alignnone size-medium wp-image-12890\" src=\"https:\/\/citymuseum.lu\/wp-content\/uploads\/2019\/11\/UNESCO-FR_Logo_CMJN-300x94.jpg\" alt=\"\" width=\"300\" height=\"94\" srcset=\"https:\/\/citymuseum.lu\/wp-content\/uploads\/2019\/11\/UNESCO-FR_Logo_CMJN-300x94.jpg 300w, https:\/\/citymuseum.lu\/wp-content\/uploads\/2019\/11\/UNESCO-FR_Logo_CMJN-768x241.jpg 768w, https:\/\/citymuseum.lu\/wp-content\/uploads\/2019\/11\/UNESCO-FR_Logo_CMJN-1024x321.jpg 1024w, https:\/\/citymuseum.lu\/wp-content\/uploads\/2019\/11\/UNESCO-FR_Logo_CMJN-192x60.jpg 192w, https:\/\/citymuseum.lu\/wp-content\/uploads\/2019\/11\/UNESCO-FR_Logo_CMJN-750x235.jpg 750w, https:\/\/citymuseum.lu\/wp-content\/uploads\/2019\/11\/UNESCO-FR_Logo_CMJN.jpg 1373w\" sizes=\"auto, (max-width: 300px) 100vw, 300px\" \/><\/p>\n<p><img loading=\"lazy\" decoding=\"async\" class=\"alignnone size-medium wp-image-12899\" src=\"https:\/\/citymuseum.lu\/wp-content\/uploads\/2019\/11\/UNESCO_whc_lu_city_of_luxembourg_fr-300x147.jpg\" alt=\"\" width=\"300\" height=\"147\" \/><\/p>\n","protected":false},"excerpt":{"rendered":"<p>+++ NEU +++ Entdecken Sie das Besucherzentrum in 3D Seit dem 25. Jahrestag der Eintragung der St\u00e4tte &#8220;Luxemburg, Altstadt und Festungen&#8221; beherbergt das L\u00ebtzebuerg City Museum das UNESCO Visitor Centre: Besucher und Einwohner der Stadt k\u00f6nnen sich hier \u00fcber die wichtigsten Aspekte rund um das Welterbe informieren: die Urspr\u00fcnge und die Bedeutung der St\u00e4tte, ihre [&hellip;]<\/p>\n","protected":false},"author":3,"featured_media":13319,"parent":304,"menu_order":0,"comment_status":"closed","ping_status":"closed","template":"page-templates\/generic-page.php","meta":{"_acf_changed":false,"footnotes":""},"event-type":[],"public-type":[],"page-group":[178],"class_list":["post-12926","page","type-page","status-publish","has-post-thumbnail","hentry","page-group-musee-de"],"acf":[],"aioseo_notices":[],"_links":{"self":[{"href":"https:\/\/citymuseum.lu\/de\/wp-json\/wp\/v2\/pages\/12926","targetHints":{"allow":["GET"]}}],"collection":[{"href":"https:\/\/citymuseum.lu\/de\/wp-json\/wp\/v2\/pages"}],"about":[{"href":"https:\/\/citymuseum.lu\/de\/wp-json\/wp\/v2\/types\/page"}],"author":[{"embeddable":true,"href":"https:\/\/citymuseum.lu\/de\/wp-json\/wp\/v2\/users\/3"}],"replies":[{"embeddable":true,"href":"https:\/\/citymuseum.lu\/de\/wp-json\/wp\/v2\/comments?post=12926"}],"version-history":[{"count":16,"href":"https:\/\/citymuseum.lu\/de\/wp-json\/wp\/v2\/pages\/12926\/revisions"}],"predecessor-version":[{"id":33776,"href":"https:\/\/citymuseum.lu\/de\/wp-json\/wp\/v2\/pages\/12926\/revisions\/33776"}],"up":[{"embeddable":true,"href":"https:\/\/citymuseum.lu\/de\/wp-json\/wp\/v2\/pages\/304"}],"wp:featuredmedia":[{"embeddable":true,"href":"https:\/\/citymuseum.lu\/de\/wp-json\/wp\/v2\/media\/13319"}],"wp:attachment":[{"href":"https:\/\/citymuseum.lu\/de\/wp-json\/wp\/v2\/media?parent=12926"}],"wp:term":[{"taxonomy":"event-type","embeddable":true,"href":"https:\/\/citymuseum.lu\/de\/wp-json\/wp\/v2\/event-type?post=12926"},{"taxonomy":"public-type","embeddable":true,"href":"https:\/\/citymuseum.lu\/de\/wp-json\/wp\/v2\/public-type?post=12926"},{"taxonomy":"page-group","embeddable":true,"href":"https:\/\/citymuseum.lu\/de\/wp-json\/wp\/v2\/page-group?post=12926"}],"curies":[{"name":"wp","href":"https:\/\/api.w.org\/{rel}","templated":true}]}}