{"id":1304,"date":"2015-03-19T08:54:02","date_gmt":"2015-03-19T07:54:02","guid":{"rendered":"https:\/\/citymuseum.lu\/besuchen\/pour-touristes\/"},"modified":"2015-08-04T10:24:01","modified_gmt":"2015-08-04T08:24:01","slug":"pour-touristes","status":"publish","type":"page","link":"https:\/\/citymuseum.lu\/de\/besuchen\/pour-touristes\/","title":{"rendered":"F\u00fcr Touristen"},"content":{"rendered":"<p align=\"LEFT\">Seit 1996 befindet sich das Historische Museum der Stadt Luxemburg im Herzen der Altstadt. Eine umfangreiche Dauerausstellung sowie regelm\u00e4\u00dfig stattfindende Wechselausstellungen machen auf originelle Weise die \u00fcber tausendj\u00e4hrige Geschichte Luxemburgs begreifbar.<\/p>\n<p align=\"LEFT\">Schon die Architektur des Historischen Museums kommt einem Streifzug durch die Geschichte gleich: Das Museum wurde in ein Ensemble aus vier alten B\u00fcrgerh\u00e4usern des 17. bis 19. Jahrhunderts eingebaut, die auch noch mittelalterliche Strukturen enthalten.<\/p>\n<p align=\"LEFT\">Beeindruckende sechs Etagen stehen dem Besucher zur Erkundung offen. Ein architektonisches Highlight ist dabei der gl\u00e4serne Panoramalift, der die Gesamth\u00f6he des Museums durchf\u00e4hrt und spektakul\u00e4re Perspektiven er\u00f6ffnet. Mit seinen 18 m2 Fl\u00e4che bildet der Lift einen eigenen Ausstellungsraum. Der Besucher erlebt w\u00e4hrend einer Fahrt in nur wenigen Minuten rund 1000 Jahre Geschichte, indem die verschiedenen Schichten der Stadthistorie passiert werden: In den unteren Etagen dominiert der nackte Fels das Blickfeld, anschlie\u00dfend kann von den oberen Stockwerken aus das Panorama von Grund und Rhamplateau bewundert werden. Auf eindrucksvolle Weise wird so gezeigt, wie erfolgreich alt und neu an diesem Ort verschmelzen. Auch die Werke\u00a0 zeitgen\u00f6ssischer K\u00fcnstler, welche entlang des Rundgangs platziert sind, zeugen davon, wie hier durch die Dauerausstellung Geschichte und Gegenwart einen spannungsvollen Dialog eingehen.<\/p>\n<p><strong>Sammlungen und Ausstellungen<br \/>\n<\/strong>Das Historische Museum der Stadt Luxemburg ist ein gesellschaftlichen Themen zugewandtes Haus mit au\u00dferordentlich vielf\u00e4ltigen Sammlungen. Das materielle und immaterielle Kulturerbe der Stadt Luxemburg wird im Museum in unterschiedlichen Kontexten, sowohl aus historischer als auch aus heutiger Perspektive, pr\u00e4sentiert. Gleichsam als Abbild der Stadt besteht das Museum aus zwei Teilen: W\u00e4hrend die unteren Etagen die Dauerausstellung zur Stadtgeschichte beherbergen, werden in den oberen Stockwerken Wechselausstellungen pr\u00e4sentiert. Diese thematisieren verschiedene Epochen der Stadtgeschichte, aber auch aktuelle Themen.<\/p>\n<p align=\"LEFT\">Die Dauerausstellung \u201eLuxemburg, eine Stadt im Museum\u201c vermittelt dem Besucher die wichtigsten Daten der Stadtgeschichte, erkl\u00e4rt die Entwicklung der Stadt, von der ersten Besiedlung bis zur Unabh\u00e4ngigkeit des Landes 1839 und stellt mittels f\u00fcnf ausgew\u00e4hlter Themenbereiche die j\u00fcngere Geschichte Luxemburgs dar: \u201eStadt und Macht\u201c, \u201eStadt in Bewegung\u201c, \u201eStadt und Umwelt\u201c, \u201eStadt und Komfort\u201c und \u201eStadt in Europa\u201c.<\/p>\n<p align=\"LEFT\">Dabei werden stets Geschichte und Gegenwart in Bezug zueinander gesetzt, was der Ausstellung trotz des historischen Schwerpunktes eine gewisse Aktualit\u00e4t verleiht. Mit Hilfe von Multimedia-Installationen, detailgenauen topographischen Modellen, Touchscreens und zahlreichen Originalobjekten k\u00f6nnen die Themen anschaulich erschlossen und die spannende Geschichte der Hauptstadt des Gro\u00dfherzogtums Luxemburg nachvollzogen werden.<\/p>\n<p align=\"LEFT\"><strong>Reisebusse<br \/>\n<\/strong>Ein Busparkplatz (Place de la Constitution) befindet sich in der N\u00e4he des Museums.<\/p>\n<p align=\"LEFT\">\n","protected":false},"excerpt":{"rendered":"<p>Seit 1996 befindet sich das Historische Museum der Stadt Luxemburg im Herzen der Altstadt. Eine umfangreiche Dauerausstellung sowie regelm\u00e4\u00dfig stattfindende Wechselausstellungen machen auf originelle Weise die \u00fcber tausendj\u00e4hrige Geschichte Luxemburgs begreifbar. Schon die Architektur des Historischen Museums kommt einem Streifzug durch die Geschichte gleich: Das Museum wurde in ein Ensemble aus vier alten B\u00fcrgerh\u00e4usern des [&hellip;]<\/p>\n","protected":false},"author":3,"featured_media":3735,"parent":58,"menu_order":2,"comment_status":"open","ping_status":"open","template":"page-templates\/generic-page.php","meta":{"_acf_changed":false,"footnotes":""},"event-type":[],"public-type":[],"page-group":[173],"class_list":["post-1304","page","type-page","status-publish","has-post-thumbnail","hentry","page-group-besuchen"],"acf":[],"aioseo_notices":[],"_links":{"self":[{"href":"https:\/\/citymuseum.lu\/de\/wp-json\/wp\/v2\/pages\/1304","targetHints":{"allow":["GET"]}}],"collection":[{"href":"https:\/\/citymuseum.lu\/de\/wp-json\/wp\/v2\/pages"}],"about":[{"href":"https:\/\/citymuseum.lu\/de\/wp-json\/wp\/v2\/types\/page"}],"author":[{"embeddable":true,"href":"https:\/\/citymuseum.lu\/de\/wp-json\/wp\/v2\/users\/3"}],"replies":[{"embeddable":true,"href":"https:\/\/citymuseum.lu\/de\/wp-json\/wp\/v2\/comments?post=1304"}],"version-history":[{"count":14,"href":"https:\/\/citymuseum.lu\/de\/wp-json\/wp\/v2\/pages\/1304\/revisions"}],"predecessor-version":[{"id":5651,"href":"https:\/\/citymuseum.lu\/de\/wp-json\/wp\/v2\/pages\/1304\/revisions\/5651"}],"up":[{"embeddable":true,"href":"https:\/\/citymuseum.lu\/de\/wp-json\/wp\/v2\/pages\/58"}],"wp:featuredmedia":[{"embeddable":true,"href":"https:\/\/citymuseum.lu\/de\/wp-json\/wp\/v2\/media\/3735"}],"wp:attachment":[{"href":"https:\/\/citymuseum.lu\/de\/wp-json\/wp\/v2\/media?parent=1304"}],"wp:term":[{"taxonomy":"event-type","embeddable":true,"href":"https:\/\/citymuseum.lu\/de\/wp-json\/wp\/v2\/event-type?post=1304"},{"taxonomy":"public-type","embeddable":true,"href":"https:\/\/citymuseum.lu\/de\/wp-json\/wp\/v2\/public-type?post=1304"},{"taxonomy":"page-group","embeddable":true,"href":"https:\/\/citymuseum.lu\/de\/wp-json\/wp\/v2\/page-group?post=1304"}],"curies":[{"name":"wp","href":"https:\/\/api.w.org\/{rel}","templated":true}]}}