{"id":1318,"date":"2015-03-19T08:57:43","date_gmt":"2015-03-19T07:57:43","guid":{"rendered":"https:\/\/citymuseum.lu\/besuchen\/anniversaire-a-la-villa\/"},"modified":"2026-01-08T12:53:11","modified_gmt":"2026-01-08T11:53:11","slug":"anniversaire-a-la-villa","status":"publish","type":"page","link":"https:\/\/citymuseum.lu\/de\/besuchen\/anniversaire-a-la-villa\/","title":{"rendered":"Geburtstag im Museum"},"content":{"rendered":"<p>Du bist zwischen 6 und 10 Jahre alt? Dann feiere deinen Geburtstag doch einfach mit deinen Freunden in der Villa Vauban! Dein Geburtstagspaket enth\u00e4lt:<\/p>\n<ul>\n<li>eine VIP-F\u00fchrung nur f\u00fcr euch<\/li>\n<li>einen kreativen und unterhaltsamen Workshop (w\u00e4hlbar aus dem aktuellen Programm)<\/li>\n<li>einen leckeren Kuchen<\/li>\n<\/ul>\n<p><strong>Datum:<\/strong> auf Anfrage, au\u00dfer montags<br \/>\n<strong>Dauer:<\/strong> 2h30<br \/>\n<strong>Reservierung:<\/strong> mind. zwei Monate im voraus<br \/>\n<strong>Sprache:<\/strong> bitte bei der Reservierung angeben<br \/>\n<strong>Teilnehmerzahl<\/strong>: 8 Kinder, 2 erwachsene Begleitpersonen<\/p>\n<p><strong>Zusatzinformation:<\/strong><\/p>\n<p>Au\u00dfer im Fall h\u00f6herer Gewalt muss eine Stornierung der Reservation mind. 8 Tage vor dem geplanten Datum erfolgen. Ein Erwachsener muss als Begleitperson bei der Gruppe bleiben.<\/p>\n<p>Die Feier ist f\u00fcr Ihre Kinder gedacht: Bitte bringen Sie keine weiteren Erwachsenen, Essen, Getr\u00e4nke oder Alkohol mit!<\/p>\n<p><strong>Bei Fragen wenden Sie sich bitte an: <\/strong>T+352 4796 4900, visites@2musees.vdl.lu<\/p>\n","protected":false},"excerpt":{"rendered":"<p>Du bist zwischen 6 und 10 Jahre alt? Dann feiere deinen Geburtstag doch einfach mit deinen Freunden in der Villa Vauban! Dein Geburtstagspaket enth\u00e4lt: eine VIP-F\u00fchrung nur f\u00fcr euch einen kreativen und unterhaltsamen Workshop (w\u00e4hlbar aus dem aktuellen Programm) einen leckeren Kuchen Datum: auf Anfrage, au\u00dfer montags Dauer: 2h30 Reservierung: mind. zwei Monate im voraus [&hellip;]<\/p>\n","protected":false},"author":3,"featured_media":33848,"parent":58,"menu_order":5,"comment_status":"open","ping_status":"open","template":"page-templates\/generic-page.php","meta":{"_acf_changed":false,"footnotes":""},"event-type":[],"public-type":[],"page-group":[173],"class_list":["post-1318","page","type-page","status-publish","has-post-thumbnail","hentry","page-group-besuchen"],"acf":[],"aioseo_notices":[],"_links":{"self":[{"href":"https:\/\/citymuseum.lu\/de\/wp-json\/wp\/v2\/pages\/1318","targetHints":{"allow":["GET"]}}],"collection":[{"href":"https:\/\/citymuseum.lu\/de\/wp-json\/wp\/v2\/pages"}],"about":[{"href":"https:\/\/citymuseum.lu\/de\/wp-json\/wp\/v2\/types\/page"}],"author":[{"embeddable":true,"href":"https:\/\/citymuseum.lu\/de\/wp-json\/wp\/v2\/users\/3"}],"replies":[{"embeddable":true,"href":"https:\/\/citymuseum.lu\/de\/wp-json\/wp\/v2\/comments?post=1318"}],"version-history":[{"count":27,"href":"https:\/\/citymuseum.lu\/de\/wp-json\/wp\/v2\/pages\/1318\/revisions"}],"predecessor-version":[{"id":36021,"href":"https:\/\/citymuseum.lu\/de\/wp-json\/wp\/v2\/pages\/1318\/revisions\/36021"}],"up":[{"embeddable":true,"href":"https:\/\/citymuseum.lu\/de\/wp-json\/wp\/v2\/pages\/58"}],"wp:featuredmedia":[{"embeddable":true,"href":"https:\/\/citymuseum.lu\/de\/wp-json\/wp\/v2\/media\/33848"}],"wp:attachment":[{"href":"https:\/\/citymuseum.lu\/de\/wp-json\/wp\/v2\/media?parent=1318"}],"wp:term":[{"taxonomy":"event-type","embeddable":true,"href":"https:\/\/citymuseum.lu\/de\/wp-json\/wp\/v2\/event-type?post=1318"},{"taxonomy":"public-type","embeddable":true,"href":"https:\/\/citymuseum.lu\/de\/wp-json\/wp\/v2\/public-type?post=1318"},{"taxonomy":"page-group","embeddable":true,"href":"https:\/\/citymuseum.lu\/de\/wp-json\/wp\/v2\/page-group?post=1318"}],"curies":[{"name":"wp","href":"https:\/\/api.w.org\/{rel}","templated":true}]}}