{"id":14663,"date":"2020-07-20T09:53:40","date_gmt":"2020-07-20T07:53:40","guid":{"rendered":"https:\/\/citymuseum.lu\/besuchen\/app\/"},"modified":"2025-03-03T15:44:14","modified_gmt":"2025-03-03T14:44:14","slug":"app","status":"publish","type":"page","link":"https:\/\/citymuseum.lu\/de\/besuchen\/app\/","title":{"rendered":"APP L\u00ebtzebuerg City Museum"},"content":{"rendered":"<p>Die sehr vollst\u00e4ndige App funktioniert auf Franz\u00f6sisch, Deutsch und Englisch und bietet drei Besuchsmodi: Audiof\u00fchrungen f\u00fcr Erwachsene und Kinder und einen tiefer gehenden &#8220;Entdeckungsmodus&#8221;. Ein &#8220;Kinderquiz&#8221; l\u00e4dt die kleinen Besucher ein, ihr Wissen zu testen. Erg\u00e4nzt wird dies alles durch eine Pr\u00e4sentation der aktuellen Ausstellungen, des Geb\u00e4udes und der Sammlungen sowie durch alle praktischen Informationen (Preise, \u00d6ffnungszeiten, Kultur- und Bildungsprogramm). Ein Lageplan mit integrierter Navigation erleichtert die Orientierung in den R\u00e4umen. Ein &#8220;open book&#8221; schliesslich erlaubt es den Besuchern, nach ihrem Museumsbesuch Kommentare zu hinterlassen.<\/p>\n<p><iframe loading=\"lazy\" title=\"NEW MOBILE APP: L\u00ebtzebuerg City Museum - The Luxembourg Story\" width=\"573\" height=\"322\" src=\"https:\/\/www.youtube.com\/embed\/Umvltqve39c?start=4&#038;feature=oembed\" frameborder=\"0\" allow=\"accelerometer; autoplay; clipboard-write; encrypted-media; gyroscope; picture-in-picture; web-share\" referrerpolicy=\"strict-origin-when-cross-origin\" allowfullscreen><\/iframe><\/p>\n","protected":false},"excerpt":{"rendered":"<p>Die sehr vollst\u00e4ndige App funktioniert auf Franz\u00f6sisch, Deutsch und Englisch und bietet drei Besuchsmodi: Audiof\u00fchrungen f\u00fcr Erwachsene und Kinder und einen tiefer gehenden &#8220;Entdeckungsmodus&#8221;. Ein &#8220;Kinderquiz&#8221; l\u00e4dt die kleinen Besucher ein, ihr Wissen zu testen. Erg\u00e4nzt wird dies alles durch eine Pr\u00e4sentation der aktuellen Ausstellungen, des Geb\u00e4udes und der Sammlungen sowie durch alle praktischen Informationen [&hellip;]<\/p>\n","protected":false},"author":3,"featured_media":14762,"parent":58,"menu_order":0,"comment_status":"closed","ping_status":"closed","template":"page-templates\/generic-page.php","meta":{"_acf_changed":false,"footnotes":""},"event-type":[],"public-type":[],"page-group":[],"class_list":["post-14663","page","type-page","status-publish","has-post-thumbnail","hentry"],"acf":[],"aioseo_notices":[],"_links":{"self":[{"href":"https:\/\/citymuseum.lu\/de\/wp-json\/wp\/v2\/pages\/14663","targetHints":{"allow":["GET"]}}],"collection":[{"href":"https:\/\/citymuseum.lu\/de\/wp-json\/wp\/v2\/pages"}],"about":[{"href":"https:\/\/citymuseum.lu\/de\/wp-json\/wp\/v2\/types\/page"}],"author":[{"embeddable":true,"href":"https:\/\/citymuseum.lu\/de\/wp-json\/wp\/v2\/users\/3"}],"replies":[{"embeddable":true,"href":"https:\/\/citymuseum.lu\/de\/wp-json\/wp\/v2\/comments?post=14663"}],"version-history":[{"count":3,"href":"https:\/\/citymuseum.lu\/de\/wp-json\/wp\/v2\/pages\/14663\/revisions"}],"predecessor-version":[{"id":31747,"href":"https:\/\/citymuseum.lu\/de\/wp-json\/wp\/v2\/pages\/14663\/revisions\/31747"}],"up":[{"embeddable":true,"href":"https:\/\/citymuseum.lu\/de\/wp-json\/wp\/v2\/pages\/58"}],"wp:featuredmedia":[{"embeddable":true,"href":"https:\/\/citymuseum.lu\/de\/wp-json\/wp\/v2\/media\/14762"}],"wp:attachment":[{"href":"https:\/\/citymuseum.lu\/de\/wp-json\/wp\/v2\/media?parent=14663"}],"wp:term":[{"taxonomy":"event-type","embeddable":true,"href":"https:\/\/citymuseum.lu\/de\/wp-json\/wp\/v2\/event-type?post=14663"},{"taxonomy":"public-type","embeddable":true,"href":"https:\/\/citymuseum.lu\/de\/wp-json\/wp\/v2\/public-type?post=14663"},{"taxonomy":"page-group","embeddable":true,"href":"https:\/\/citymuseum.lu\/de\/wp-json\/wp\/v2\/page-group?post=14663"}],"curies":[{"name":"wp","href":"https:\/\/api.w.org\/{rel}","templated":true}]}}