{"id":14786,"date":"2020-08-06T09:20:46","date_gmt":"2020-08-06T07:20:46","guid":{"rendered":"https:\/\/citymuseum.lu\/?page_id=14786"},"modified":"2020-08-10T11:42:36","modified_gmt":"2020-08-10T09:42:36","slug":"app-the-luxembourg-story-fuer-kinder","status":"publish","type":"page","link":"https:\/\/citymuseum.lu\/de\/besuchen\/app-the-luxembourg-story-fuer-kinder\/","title":{"rendered":"APP &#8220;The Luxembourg Story&#8221; f\u00fcr Kinder"},"content":{"rendered":"<p>Das L\u00ebtzebuerg City Museum stellt seinem Publikum eine mobile App zur Verf\u00fcgung mit dem Titel<\/p>\n<p>\u201eL\u00ebtzebuerg City Museum &#8211; The Luxembourg Story&#8221;<\/p>\n<p>Begebt euch zusammen mit Mil und \u00c9douard auf die &#8220;Kids Tour&#8221;, eine speziell f\u00fcr unsere jungen Besucher angepasste Audiof\u00fchrung. Durch informative und lebendige Gespr\u00e4che laden Mil und \u00c9douard euch ein auf eine 1000 j\u00e4hrige Reise durch die Ausstellung. Richtungsangaben in Form von Fotos mit Pfeilen helfen euch bei der Orientierung durch die R\u00e4ume um einfach zu den n\u00e4chsten Stationen zu gelangen.<\/p>\n<p>Erg\u00e4nzend enth\u00e4lt die App das &#8220;Kids quiz&#8221; wo ihr euer frisch angeeignetes Wissen auf den Pr\u00fcfstand stellen k\u00f6nnt. Schafft ihr es alle 10 Knochen zu sammeln?<\/p>\n<p>&nbsp;<\/p>\n<p><strong>So funktioniert\u2018s: <\/strong><\/p>\n<ol>\n<li>Verbinden Sie Ihr Handy mit dem WLAN. W\u00e4hlen Sie daf\u00fcr das kostenlose WLAN \u201cMuseeGuest\u201d aus.<\/li>\n<\/ol>\n<p>&nbsp;<\/p>\n<ol start=\"2\">\n<li>Laden Sie die kostenlose <em>App <strong>LuxStory\/L\u00ebtzebuerg City Museum: The Luxembourg Story<\/strong><\/em> herunter, indem Sie den QR Code scannen. Oder Sie gehen direkt in den Google Playstore (Android) oder den Apple App store (IOS) und laden die App dort herunter.<\/li>\n<\/ol>\n<p>&nbsp;<\/p>\n<ol start=\"3\">\n<li>\u00d6ffnen Sie die App und erlauben Sie den Zugriff auf Ihren Standort (im Museum) Bitte schalten Sie auch Bluetooth an.<\/li>\n<\/ol>\n","protected":false},"excerpt":{"rendered":"<p>Das L\u00ebtzebuerg City Museum stellt seinem Publikum eine mobile App zur Verf\u00fcgung mit dem Titel \u201eL\u00ebtzebuerg City Museum &#8211; The Luxembourg Story&#8221; Begebt euch zusammen mit Mil und \u00c9douard auf die &#8220;Kids Tour&#8221;, eine speziell f\u00fcr unsere jungen Besucher angepasste Audiof\u00fchrung. Durch informative und lebendige Gespr\u00e4che laden Mil und \u00c9douard euch ein auf eine 1000 [&hellip;]<\/p>\n","protected":false},"author":14,"featured_media":14750,"parent":58,"menu_order":0,"comment_status":"closed","ping_status":"closed","template":"page-templates\/generic-page.php","meta":{"_acf_changed":false,"footnotes":""},"event-type":[],"public-type":[],"page-group":[],"class_list":["post-14786","page","type-page","status-publish","has-post-thumbnail","hentry"],"acf":[],"aioseo_notices":[],"_links":{"self":[{"href":"https:\/\/citymuseum.lu\/de\/wp-json\/wp\/v2\/pages\/14786","targetHints":{"allow":["GET"]}}],"collection":[{"href":"https:\/\/citymuseum.lu\/de\/wp-json\/wp\/v2\/pages"}],"about":[{"href":"https:\/\/citymuseum.lu\/de\/wp-json\/wp\/v2\/types\/page"}],"author":[{"embeddable":true,"href":"https:\/\/citymuseum.lu\/de\/wp-json\/wp\/v2\/users\/14"}],"replies":[{"embeddable":true,"href":"https:\/\/citymuseum.lu\/de\/wp-json\/wp\/v2\/comments?post=14786"}],"version-history":[{"count":3,"href":"https:\/\/citymuseum.lu\/de\/wp-json\/wp\/v2\/pages\/14786\/revisions"}],"predecessor-version":[{"id":14816,"href":"https:\/\/citymuseum.lu\/de\/wp-json\/wp\/v2\/pages\/14786\/revisions\/14816"}],"up":[{"embeddable":true,"href":"https:\/\/citymuseum.lu\/de\/wp-json\/wp\/v2\/pages\/58"}],"wp:featuredmedia":[{"embeddable":true,"href":"https:\/\/citymuseum.lu\/de\/wp-json\/wp\/v2\/media\/14750"}],"wp:attachment":[{"href":"https:\/\/citymuseum.lu\/de\/wp-json\/wp\/v2\/media?parent=14786"}],"wp:term":[{"taxonomy":"event-type","embeddable":true,"href":"https:\/\/citymuseum.lu\/de\/wp-json\/wp\/v2\/event-type?post=14786"},{"taxonomy":"public-type","embeddable":true,"href":"https:\/\/citymuseum.lu\/de\/wp-json\/wp\/v2\/public-type?post=14786"},{"taxonomy":"page-group","embeddable":true,"href":"https:\/\/citymuseum.lu\/de\/wp-json\/wp\/v2\/page-group?post=14786"}],"curies":[{"name":"wp","href":"https:\/\/api.w.org\/{rel}","templated":true}]}}