{"id":16971,"date":"2021-01-28T08:27:09","date_gmt":"2021-01-28T07:27:09","guid":{"rendered":"https:\/\/citymuseum.lu\/?page_id=16971"},"modified":"2021-03-30T12:20:03","modified_gmt":"2021-03-30T10:20:03","slug":"gib-deinen-senf-dazu","status":"publish","type":"page","link":"https:\/\/citymuseum.lu\/de\/besuchen\/gib-deinen-senf-dazu\/","title":{"rendered":"Gib deinen Senf dazu!"},"content":{"rendered":"<p>In der ehemaligen Senffabrik &#8220;Muerbelsmillen&#8221; haben Sie die M\u00f6glichkeit, einen Blick hinter die Kulissen einer ehemaligen luxemburgischen Senffabrik zu werfen.<br \/>\nNach einem Besuch der ehemaligen Produktionsst\u00e4tten lernen Sie mehr \u00fcber die Senfproduktion, indem Sie Ihr eigenes Senfglas zubereiten.<\/p>\n<p><strong>Treffpunkt: <\/strong><span style=\"display: inline !important; float: none; background-color: #ffffff; color: #333333; cursor: text; font-family: Georgia,'Times New Roman','Bitstream Charter',Times,serif; font-size: 16px; font-style: normal; font-variant: normal; font-weight: 400; letter-spacing: normal; orphans: 2; text-align: left; text-decoration: none; text-indent: 0px; text-transform: none; -webkit-text-stroke-width: 0px; white-space: normal; word-spacing: 0px;\">69, rue de Mohrfels, L-2158 Luxembourg<\/span><\/p>\n<p>&nbsp;<\/p>\n<p>&nbsp;<\/p>\n<p>Aufgrund der Covid19-Epidemie haben wir unsere Workshops an die aktuellen sanit\u00e4ren Ma\u00dfnahmen angepasst und freuen uns darauf, Sie und Ihre Familie (max. 4 Personen) bei einem \u201eprivaten\u201c Workshop im L\u00ebtzebuerg City Museum zu begr\u00fc\u00dfen!<br \/>\nDer Workshop dauert eine Stunde. Reservierungen sollten telefonisch vorgenommen werden. Es gibt nur eine begrenzte Zahl an Terminen.<\/p>\n<p>&nbsp;<\/p>\n<p>&nbsp;<\/p>\n<p><strong>Datum<\/strong> : Dienstags 06.04, 13.04<br \/>\n<strong>Uhrzeit<\/strong> : 14h00 \u2013 18h00<br \/>\n<strong>Publikum<\/strong> : Ab 6 Jahren<br \/>\n<strong>Eine Reservierung ist notwendig<\/strong><br \/>\n<strong>Infos<\/strong>\u00a0: T +352 4796 4500, visites@2musees.vdl.lu<\/p>\n","protected":false},"excerpt":{"rendered":"<p>In der ehemaligen Senffabrik &#8220;Muerbelsmillen&#8221; haben Sie die M\u00f6glichkeit, einen Blick hinter die Kulissen einer ehemaligen luxemburgischen Senffabrik zu werfen. Nach einem Besuch der ehemaligen Produktionsst\u00e4tten lernen Sie mehr \u00fcber die Senfproduktion, indem Sie Ihr eigenes Senfglas zubereiten. Treffpunkt: 69, rue de Mohrfels, L-2158 Luxembourg &nbsp; &nbsp; Aufgrund der Covid19-Epidemie haben wir unsere Workshops an [&hellip;]<\/p>\n","protected":false},"author":14,"featured_media":9738,"parent":58,"menu_order":0,"comment_status":"closed","ping_status":"closed","template":"page-templates\/listing-page.php","meta":{"_acf_changed":false,"footnotes":""},"event-type":[],"public-type":[],"page-group":[],"class_list":["post-16971","page","type-page","status-publish","has-post-thumbnail","hentry"],"acf":[],"aioseo_notices":[],"_links":{"self":[{"href":"https:\/\/citymuseum.lu\/de\/wp-json\/wp\/v2\/pages\/16971","targetHints":{"allow":["GET"]}}],"collection":[{"href":"https:\/\/citymuseum.lu\/de\/wp-json\/wp\/v2\/pages"}],"about":[{"href":"https:\/\/citymuseum.lu\/de\/wp-json\/wp\/v2\/types\/page"}],"author":[{"embeddable":true,"href":"https:\/\/citymuseum.lu\/de\/wp-json\/wp\/v2\/users\/14"}],"replies":[{"embeddable":true,"href":"https:\/\/citymuseum.lu\/de\/wp-json\/wp\/v2\/comments?post=16971"}],"version-history":[{"count":4,"href":"https:\/\/citymuseum.lu\/de\/wp-json\/wp\/v2\/pages\/16971\/revisions"}],"predecessor-version":[{"id":17892,"href":"https:\/\/citymuseum.lu\/de\/wp-json\/wp\/v2\/pages\/16971\/revisions\/17892"}],"up":[{"embeddable":true,"href":"https:\/\/citymuseum.lu\/de\/wp-json\/wp\/v2\/pages\/58"}],"wp:featuredmedia":[{"embeddable":true,"href":"https:\/\/citymuseum.lu\/de\/wp-json\/wp\/v2\/media\/9738"}],"wp:attachment":[{"href":"https:\/\/citymuseum.lu\/de\/wp-json\/wp\/v2\/media?parent=16971"}],"wp:term":[{"taxonomy":"event-type","embeddable":true,"href":"https:\/\/citymuseum.lu\/de\/wp-json\/wp\/v2\/event-type?post=16971"},{"taxonomy":"public-type","embeddable":true,"href":"https:\/\/citymuseum.lu\/de\/wp-json\/wp\/v2\/public-type?post=16971"},{"taxonomy":"page-group","embeddable":true,"href":"https:\/\/citymuseum.lu\/de\/wp-json\/wp\/v2\/page-group?post=16971"}],"curies":[{"name":"wp","href":"https:\/\/api.w.org\/{rel}","templated":true}]}}