{"id":16992,"date":"2021-01-28T08:23:14","date_gmt":"2021-01-28T07:23:14","guid":{"rendered":"https:\/\/citymuseum.lu\/?page_id=16992"},"modified":"2021-03-30T12:29:49","modified_gmt":"2021-03-30T10:29:49","slug":"welch-wundersame-schrift","status":"publish","type":"page","link":"https:\/\/citymuseum.lu\/de\/besuchen\/welch-wundersame-schrift\/","title":{"rendered":"Welch wundersame Schrift"},"content":{"rendered":"<p>Ebenso wie die gesprochene Sprache hat sich die Schrift im Laufe der Jahrhunderte ver\u00e4ndert und weiterentwickelt. Antiqua und Frakturschrift waren lange Zeit offizielle Schriftarten in Luxemburg.<br \/>\nNach einer Besichtigung der Ausstellung seid ihr an der Reihe! Erlernt das Schreiben einer antiken Schriftart und benutzt auch ihr klassische Utensilien wie Schreibfeder und Tinte. Im Anschluss fertigt ihr ein Siegel f\u00fcr euer Dokument an.<\/p>\n<p>&nbsp;<\/p>\n<p>&nbsp;<\/p>\n<p>Aufgrund der Covid19-Epidemie haben wir unsere Workshops an die aktuellen sanit\u00e4ren Ma\u00dfnahmen angepasst und freuen uns darauf, Sie und Ihre Familie (max. 4 Personen) bei einem \u201eprivaten\u201c Workshop im L\u00ebtzebuerg City Museum zu begr\u00fc\u00dfen!<br \/>\nDer Workshop dauert eine Stunde. Reservierungen sollten telefonisch vorgenommen werden. Es gibt nur eine begrenzte Zahl an Terminen.<\/p>\n<p>&nbsp;<\/p>\n<p>&nbsp;<\/p>\n<p><strong>Datum<\/strong> : Mittwochs 07.04, 14.04<br \/>\n<strong>Uhrzeit<\/strong> : 14h00 \u2013 18h00<br \/>\n<strong>Publikum<\/strong> : ab 8 Jahren<br \/>\n<strong>Reservierung erforderlich<\/strong><br \/>\n<strong>Infos<\/strong>\u00a0: T +352 4796 4500, visites@2musees.vdl.lu<\/p>\n","protected":false},"excerpt":{"rendered":"<p>Ebenso wie die gesprochene Sprache hat sich die Schrift im Laufe der Jahrhunderte ver\u00e4ndert und weiterentwickelt. Antiqua und Frakturschrift waren lange Zeit offizielle Schriftarten in Luxemburg. Nach einer Besichtigung der Ausstellung seid ihr an der Reihe! Erlernt das Schreiben einer antiken Schriftart und benutzt auch ihr klassische Utensilien wie Schreibfeder und Tinte. Im Anschluss fertigt [&hellip;]<\/p>\n","protected":false},"author":14,"featured_media":18194,"parent":58,"menu_order":0,"comment_status":"closed","ping_status":"closed","template":"page-templates\/listing-page.php","meta":{"_acf_changed":false,"footnotes":""},"event-type":[],"public-type":[],"page-group":[],"class_list":["post-16992","page","type-page","status-publish","has-post-thumbnail","hentry"],"acf":[],"aioseo_notices":[],"_links":{"self":[{"href":"https:\/\/citymuseum.lu\/de\/wp-json\/wp\/v2\/pages\/16992","targetHints":{"allow":["GET"]}}],"collection":[{"href":"https:\/\/citymuseum.lu\/de\/wp-json\/wp\/v2\/pages"}],"about":[{"href":"https:\/\/citymuseum.lu\/de\/wp-json\/wp\/v2\/types\/page"}],"author":[{"embeddable":true,"href":"https:\/\/citymuseum.lu\/de\/wp-json\/wp\/v2\/users\/14"}],"replies":[{"embeddable":true,"href":"https:\/\/citymuseum.lu\/de\/wp-json\/wp\/v2\/comments?post=16992"}],"version-history":[{"count":4,"href":"https:\/\/citymuseum.lu\/de\/wp-json\/wp\/v2\/pages\/16992\/revisions"}],"predecessor-version":[{"id":17937,"href":"https:\/\/citymuseum.lu\/de\/wp-json\/wp\/v2\/pages\/16992\/revisions\/17937"}],"up":[{"embeddable":true,"href":"https:\/\/citymuseum.lu\/de\/wp-json\/wp\/v2\/pages\/58"}],"wp:featuredmedia":[{"embeddable":true,"href":"https:\/\/citymuseum.lu\/de\/wp-json\/wp\/v2\/media\/18194"}],"wp:attachment":[{"href":"https:\/\/citymuseum.lu\/de\/wp-json\/wp\/v2\/media?parent=16992"}],"wp:term":[{"taxonomy":"event-type","embeddable":true,"href":"https:\/\/citymuseum.lu\/de\/wp-json\/wp\/v2\/event-type?post=16992"},{"taxonomy":"public-type","embeddable":true,"href":"https:\/\/citymuseum.lu\/de\/wp-json\/wp\/v2\/public-type?post=16992"},{"taxonomy":"page-group","embeddable":true,"href":"https:\/\/citymuseum.lu\/de\/wp-json\/wp\/v2\/page-group?post=16992"}],"curies":[{"name":"wp","href":"https:\/\/api.w.org\/{rel}","templated":true}]}}