{"id":17013,"date":"2021-01-28T08:34:51","date_gmt":"2021-01-28T07:34:51","guid":{"rendered":"https:\/\/citymuseum.lu\/?page_id=17013"},"modified":"2021-02-01T15:34:21","modified_gmt":"2021-02-01T14:34:21","slug":"der-renert-feiert-karneval","status":"publish","type":"page","link":"https:\/\/citymuseum.lu\/de\/besuchen\/karnevalsferien\/der-renert-feiert-karneval\/","title":{"rendered":"Der Renert feiert Karneval"},"content":{"rendered":"<p>Der \u201eRenert\u201c, der legend\u00e4re Luxemburger Fuchs, l\u00e4dt die Kinder ein, ihre eigene Karnevalsmaske zu kreieren.<\/p>\n<p>&nbsp;<\/p>\n<p>Aufgrund der Covid19-Epidemie haben wir unsere Workshops an die aktuellen sanit\u00e4ren Ma\u00dfnahmen angepasst und freuen uns darauf, Sie und Ihre Familie (max. 4 Personen) bei einem \u201eprivaten\u201c Workshop im L\u00ebtzebuerg City Museum zu begr\u00fc\u00dfen!<\/p>\n<p>Der Workshop dauert eine Stunde. Reservierungen sollten telefonisch vorgenommen werden. Es gibt nur eine begrenzte Zahl an Terminen.<\/p>\n<p>&nbsp;<\/p>\n<p>&nbsp;<\/p>\n<p>Daten : Sonntag 14.02, Donnerstag 18.02 und Sonntag 21.02<\/p>\n<p>Uhrzeit : 14h00 \u2013 18h00<\/p>\n<p>Publikum : Ab 6 Jahren<\/p>\n<p>Reservierung ist erforderlich<\/p>\n<p>Infos\u00a0: T +352 4796 4500, visites@2musees.vdl.lu<\/p>\n","protected":false},"excerpt":{"rendered":"<p>Der \u201eRenert\u201c, der legend\u00e4re Luxemburger Fuchs, l\u00e4dt die Kinder ein, ihre eigene Karnevalsmaske zu kreieren. &nbsp; Aufgrund der Covid19-Epidemie haben wir unsere Workshops an die aktuellen sanit\u00e4ren Ma\u00dfnahmen angepasst und freuen uns darauf, Sie und Ihre Familie (max. 4 Personen) bei einem \u201eprivaten\u201c Workshop im L\u00ebtzebuerg City Museum zu begr\u00fc\u00dfen! Der Workshop dauert eine Stunde. [&hellip;]<\/p>\n","protected":false},"author":14,"featured_media":17229,"parent":16941,"menu_order":0,"comment_status":"closed","ping_status":"closed","template":"page-templates\/listing-page.php","meta":{"_acf_changed":false,"footnotes":""},"event-type":[],"public-type":[],"page-group":[],"class_list":["post-17013","page","type-page","status-publish","has-post-thumbnail","hentry"],"acf":[],"aioseo_notices":[],"_links":{"self":[{"href":"https:\/\/citymuseum.lu\/de\/wp-json\/wp\/v2\/pages\/17013","targetHints":{"allow":["GET"]}}],"collection":[{"href":"https:\/\/citymuseum.lu\/de\/wp-json\/wp\/v2\/pages"}],"about":[{"href":"https:\/\/citymuseum.lu\/de\/wp-json\/wp\/v2\/types\/page"}],"author":[{"embeddable":true,"href":"https:\/\/citymuseum.lu\/de\/wp-json\/wp\/v2\/users\/14"}],"replies":[{"embeddable":true,"href":"https:\/\/citymuseum.lu\/de\/wp-json\/wp\/v2\/comments?post=17013"}],"version-history":[{"count":1,"href":"https:\/\/citymuseum.lu\/de\/wp-json\/wp\/v2\/pages\/17013\/revisions"}],"predecessor-version":[{"id":17022,"href":"https:\/\/citymuseum.lu\/de\/wp-json\/wp\/v2\/pages\/17013\/revisions\/17022"}],"up":[{"embeddable":true,"href":"https:\/\/citymuseum.lu\/de\/wp-json\/wp\/v2\/pages\/16941"}],"wp:featuredmedia":[{"embeddable":true,"href":"https:\/\/citymuseum.lu\/de\/wp-json\/wp\/v2\/media\/17229"}],"wp:attachment":[{"href":"https:\/\/citymuseum.lu\/de\/wp-json\/wp\/v2\/media?parent=17013"}],"wp:term":[{"taxonomy":"event-type","embeddable":true,"href":"https:\/\/citymuseum.lu\/de\/wp-json\/wp\/v2\/event-type?post=17013"},{"taxonomy":"public-type","embeddable":true,"href":"https:\/\/citymuseum.lu\/de\/wp-json\/wp\/v2\/public-type?post=17013"},{"taxonomy":"page-group","embeddable":true,"href":"https:\/\/citymuseum.lu\/de\/wp-json\/wp\/v2\/page-group?post=17013"}],"curies":[{"name":"wp","href":"https:\/\/api.w.org\/{rel}","templated":true}]}}