{"id":17034,"date":"2021-01-28T08:37:18","date_gmt":"2021-01-28T07:37:18","guid":{"rendered":"https:\/\/citymuseum.lu\/?page_id=17034"},"modified":"2021-02-01T15:41:04","modified_gmt":"2021-02-01T14:41:04","slug":"lang-leben-die-rosen","status":"publish","type":"page","link":"https:\/\/citymuseum.lu\/de\/besuchen\/karnevalsferien\/lang-leben-die-rosen\/","title":{"rendered":"Lang leben die Rosen!"},"content":{"rendered":"<p>Gemeinsam mit den Kindern l\u00e4sst das Museum die lange Tradition der luxemburgischen Roseng\u00e4rten wieder aufleben. Mit Hilfe von Filz werden die Kinder zu kleinen Rosenz\u00fcchtern und m\u00fcssen dabei ganz sch\u00f6n kreativ sein.<\/p>\n<p>&nbsp;<\/p>\n<p>Aufgrund der Covid19-Epidemie haben wir unsere Workshops an die aktuellen sanit\u00e4ren Ma\u00dfnahmen angepasst und freuen uns darauf, Sie und Ihre Familie (max. 4 Personen) bei einem \u201eprivaten\u201c Workshop im L\u00ebtzebuerg City Museum zu begr\u00fc\u00dfen!<\/p>\n<p>Der Workshop dauert eine Stunde. Reservierungen sollten telefonisch vorgenommen werden. Es gibt nur eine begrenzte Zahl an Terminen.<\/p>\n<p>&nbsp;<\/p>\n<p>&nbsp;<\/p>\n<p>Daten : Samstag 13.02, Freitag 19.02 und Samstag 20.02<\/p>\n<p>Uhrzeit : 14h00 \u2013 18h00<\/p>\n<p>Publikum : ab 6 Jahren<\/p>\n<p>Reservierung erforderlich<\/p>\n<p>Infos\u00a0: T +352 4796 4500, visites@2musees.vdl.lu<\/p>\n","protected":false},"excerpt":{"rendered":"<p>Gemeinsam mit den Kindern l\u00e4sst das Museum die lange Tradition der luxemburgischen Roseng\u00e4rten wieder aufleben. Mit Hilfe von Filz werden die Kinder zu kleinen Rosenz\u00fcchtern und m\u00fcssen dabei ganz sch\u00f6n kreativ sein. &nbsp; Aufgrund der Covid19-Epidemie haben wir unsere Workshops an die aktuellen sanit\u00e4ren Ma\u00dfnahmen angepasst und freuen uns darauf, Sie und Ihre Familie (max. [&hellip;]<\/p>\n","protected":false},"author":14,"featured_media":17238,"parent":16941,"menu_order":0,"comment_status":"closed","ping_status":"closed","template":"page-templates\/listing-page.php","meta":{"_acf_changed":false,"footnotes":""},"event-type":[],"public-type":[],"page-group":[],"class_list":["post-17034","page","type-page","status-publish","has-post-thumbnail","hentry"],"acf":[],"aioseo_notices":[],"_links":{"self":[{"href":"https:\/\/citymuseum.lu\/de\/wp-json\/wp\/v2\/pages\/17034","targetHints":{"allow":["GET"]}}],"collection":[{"href":"https:\/\/citymuseum.lu\/de\/wp-json\/wp\/v2\/pages"}],"about":[{"href":"https:\/\/citymuseum.lu\/de\/wp-json\/wp\/v2\/types\/page"}],"author":[{"embeddable":true,"href":"https:\/\/citymuseum.lu\/de\/wp-json\/wp\/v2\/users\/14"}],"replies":[{"embeddable":true,"href":"https:\/\/citymuseum.lu\/de\/wp-json\/wp\/v2\/comments?post=17034"}],"version-history":[{"count":1,"href":"https:\/\/citymuseum.lu\/de\/wp-json\/wp\/v2\/pages\/17034\/revisions"}],"predecessor-version":[{"id":17043,"href":"https:\/\/citymuseum.lu\/de\/wp-json\/wp\/v2\/pages\/17034\/revisions\/17043"}],"up":[{"embeddable":true,"href":"https:\/\/citymuseum.lu\/de\/wp-json\/wp\/v2\/pages\/16941"}],"wp:featuredmedia":[{"embeddable":true,"href":"https:\/\/citymuseum.lu\/de\/wp-json\/wp\/v2\/media\/17238"}],"wp:attachment":[{"href":"https:\/\/citymuseum.lu\/de\/wp-json\/wp\/v2\/media?parent=17034"}],"wp:term":[{"taxonomy":"event-type","embeddable":true,"href":"https:\/\/citymuseum.lu\/de\/wp-json\/wp\/v2\/event-type?post=17034"},{"taxonomy":"public-type","embeddable":true,"href":"https:\/\/citymuseum.lu\/de\/wp-json\/wp\/v2\/public-type?post=17034"},{"taxonomy":"page-group","embeddable":true,"href":"https:\/\/citymuseum.lu\/de\/wp-json\/wp\/v2\/page-group?post=17034"}],"curies":[{"name":"wp","href":"https:\/\/api.w.org\/{rel}","templated":true}]}}