{"id":17772,"date":"2021-03-23T10:39:59","date_gmt":"2021-03-23T09:39:59","guid":{"rendered":"https:\/\/citymuseum.lu\/?page_id=17772"},"modified":"2021-03-30T12:14:46","modified_gmt":"2021-03-30T10:14:46","slug":"geheime-botschaften","status":"publish","type":"page","link":"https:\/\/citymuseum.lu\/de\/besuchen\/geheime-botschaften\/","title":{"rendered":"Geheime Botschaften"},"content":{"rendered":"<p>Aufgepasst Detektive, hier lauert ein Abenteuer! Die Kinder lernen, eine geheime Botschaft zu schreiben und zu entschl\u00fcsseln. Mithilfe verschiedener Techniken k\u00f6nnen sie ihre eigene Mitteilung verfassen und sie verschwinden lassen. Nur sie wissen, wie man diese wieder auftauchen lassen kann.<\/p>\n<p>&nbsp;<\/p>\n<p>&nbsp;<\/p>\n<p>Aufgrund der Covid19-Epidemie haben wir unsere Workshops an die aktuellen sanit\u00e4ren Ma\u00dfnahmen angepasst und freuen uns darauf, Sie und Ihre Familie (max. 4 Personen) bei einem \u201eprivaten\u201c Workshop im L\u00ebtzebuerg City Museum zu begr\u00fc\u00dfen!<br \/>\nDer Workshop dauert eine Stunde. Reservierungen sollten telefonisch vorgenommen werden. Es gibt nur eine begrenzte Zahl an Terminen.<\/p>\n<p>&nbsp;<\/p>\n<p>&nbsp;<\/p>\n<p><strong>Datum<\/strong> : Donnerstags 08.04, 15.04<br \/>\n<strong>Uhrzeit<\/strong> : 14h00 \u2013 18h00<br \/>\n<strong>Publikum<\/strong> : ab 8 Jahren<br \/>\n<strong>Reservierung erforderlich<\/strong><br \/>\n<strong>Infos<\/strong>\u00a0: T +352 4796 4500, visites@2musees.vdl.lu<\/p>\n","protected":false},"excerpt":{"rendered":"<p>Aufgepasst Detektive, hier lauert ein Abenteuer! Die Kinder lernen, eine geheime Botschaft zu schreiben und zu entschl\u00fcsseln. Mithilfe verschiedener Techniken k\u00f6nnen sie ihre eigene Mitteilung verfassen und sie verschwinden lassen. Nur sie wissen, wie man diese wieder auftauchen lassen kann. &nbsp; &nbsp; Aufgrund der Covid19-Epidemie haben wir unsere Workshops an die aktuellen sanit\u00e4ren Ma\u00dfnahmen angepasst [&hellip;]<\/p>\n","protected":false},"author":14,"featured_media":17760,"parent":58,"menu_order":0,"comment_status":"closed","ping_status":"closed","template":"page-templates\/listing-page.php","meta":{"_acf_changed":false,"footnotes":""},"event-type":[],"public-type":[],"page-group":[],"class_list":["post-17772","page","type-page","status-publish","has-post-thumbnail","hentry"],"acf":[],"aioseo_notices":[],"_links":{"self":[{"href":"https:\/\/citymuseum.lu\/de\/wp-json\/wp\/v2\/pages\/17772","targetHints":{"allow":["GET"]}}],"collection":[{"href":"https:\/\/citymuseum.lu\/de\/wp-json\/wp\/v2\/pages"}],"about":[{"href":"https:\/\/citymuseum.lu\/de\/wp-json\/wp\/v2\/types\/page"}],"author":[{"embeddable":true,"href":"https:\/\/citymuseum.lu\/de\/wp-json\/wp\/v2\/users\/14"}],"replies":[{"embeddable":true,"href":"https:\/\/citymuseum.lu\/de\/wp-json\/wp\/v2\/comments?post=17772"}],"version-history":[{"count":4,"href":"https:\/\/citymuseum.lu\/de\/wp-json\/wp\/v2\/pages\/17772\/revisions"}],"predecessor-version":[{"id":17946,"href":"https:\/\/citymuseum.lu\/de\/wp-json\/wp\/v2\/pages\/17772\/revisions\/17946"}],"up":[{"embeddable":true,"href":"https:\/\/citymuseum.lu\/de\/wp-json\/wp\/v2\/pages\/58"}],"wp:featuredmedia":[{"embeddable":true,"href":"https:\/\/citymuseum.lu\/de\/wp-json\/wp\/v2\/media\/17760"}],"wp:attachment":[{"href":"https:\/\/citymuseum.lu\/de\/wp-json\/wp\/v2\/media?parent=17772"}],"wp:term":[{"taxonomy":"event-type","embeddable":true,"href":"https:\/\/citymuseum.lu\/de\/wp-json\/wp\/v2\/event-type?post=17772"},{"taxonomy":"public-type","embeddable":true,"href":"https:\/\/citymuseum.lu\/de\/wp-json\/wp\/v2\/public-type?post=17772"},{"taxonomy":"page-group","embeddable":true,"href":"https:\/\/citymuseum.lu\/de\/wp-json\/wp\/v2\/page-group?post=17772"}],"curies":[{"name":"wp","href":"https:\/\/api.w.org\/{rel}","templated":true}]}}