{"id":17829,"date":"2021-03-23T10:43:57","date_gmt":"2021-03-23T09:43:57","guid":{"rendered":"https:\/\/citymuseum.lu\/?page_id=17829"},"modified":"2021-03-30T11:52:52","modified_gmt":"2021-03-30T09:52:52","slug":"der-renert-aus-filz","status":"publish","type":"page","link":"https:\/\/citymuseum.lu\/de\/besuchen\/der-renert-aus-filz\/","title":{"rendered":"Der \u00ab Renert \u00bb aus Filz"},"content":{"rendered":"<p>Gemeinsam mit den Kindern l\u00e4sst das Museum die Fabel des Fuchses \u00ab Renert \u00bb wiederauferleben. In diesem Workshop haben die Kinder die M\u00f6glichkeit, ihren eigenen Fuchs zu basteln, indem sie eine Fingerpuppe anfertigen.<\/p>\n<p>&nbsp;<\/p>\n<p>&nbsp;<\/p>\n<p>Aufgrund der Covid19-Epidemie haben wir unsere Workshops an die aktuellen sanit\u00e4ren Ma\u00dfnahmen angepasst und freuen uns darauf, Sie und Ihre Familie (max. 4 Personen) bei einem \u201eprivaten\u201c Workshop im L\u00ebtzebuerg City Museum zu begr\u00fc\u00dfen!<br \/>\nDer Workshop dauert eine Stunde. Reservierungen sollten telefonisch vorgenommen werden. Es gibt nur eine begrenzte Zahl an Terminen.<\/p>\n<p>&nbsp;<\/p>\n<p>&nbsp;<\/p>\n<p><strong>Datum<\/strong> : Samstags 10.04, 17.04<br \/>\n<strong>Uhrzeit<\/strong> : 14h00 \u2013 18h00<br \/>\n<strong>Publikum<\/strong> : Ab 6 Jahren<br \/>\n<strong>Reservierung erforderlich<\/strong><br \/>\n<strong>Infos<\/strong>\u00a0: T +352 4796 4500, visites@2musees.vdl.lu<\/p>\n","protected":false},"excerpt":{"rendered":"<p>Gemeinsam mit den Kindern l\u00e4sst das Museum die Fabel des Fuchses \u00ab Renert \u00bb wiederauferleben. In diesem Workshop haben die Kinder die M\u00f6glichkeit, ihren eigenen Fuchs zu basteln, indem sie eine Fingerpuppe anfertigen. &nbsp; &nbsp; Aufgrund der Covid19-Epidemie haben wir unsere Workshops an die aktuellen sanit\u00e4ren Ma\u00dfnahmen angepasst und freuen uns darauf, Sie und Ihre [&hellip;]<\/p>\n","protected":false},"author":14,"featured_media":17820,"parent":58,"menu_order":0,"comment_status":"closed","ping_status":"closed","template":"page-templates\/listing-page.php","meta":{"_acf_changed":false,"footnotes":""},"event-type":[],"public-type":[],"page-group":[],"class_list":["post-17829","page","type-page","status-publish","has-post-thumbnail","hentry"],"acf":[],"aioseo_notices":[],"_links":{"self":[{"href":"https:\/\/citymuseum.lu\/de\/wp-json\/wp\/v2\/pages\/17829","targetHints":{"allow":["GET"]}}],"collection":[{"href":"https:\/\/citymuseum.lu\/de\/wp-json\/wp\/v2\/pages"}],"about":[{"href":"https:\/\/citymuseum.lu\/de\/wp-json\/wp\/v2\/types\/page"}],"author":[{"embeddable":true,"href":"https:\/\/citymuseum.lu\/de\/wp-json\/wp\/v2\/users\/14"}],"replies":[{"embeddable":true,"href":"https:\/\/citymuseum.lu\/de\/wp-json\/wp\/v2\/comments?post=17829"}],"version-history":[{"count":2,"href":"https:\/\/citymuseum.lu\/de\/wp-json\/wp\/v2\/pages\/17829\/revisions"}],"predecessor-version":[{"id":17955,"href":"https:\/\/citymuseum.lu\/de\/wp-json\/wp\/v2\/pages\/17829\/revisions\/17955"}],"up":[{"embeddable":true,"href":"https:\/\/citymuseum.lu\/de\/wp-json\/wp\/v2\/pages\/58"}],"wp:featuredmedia":[{"embeddable":true,"href":"https:\/\/citymuseum.lu\/de\/wp-json\/wp\/v2\/media\/17820"}],"wp:attachment":[{"href":"https:\/\/citymuseum.lu\/de\/wp-json\/wp\/v2\/media?parent=17829"}],"wp:term":[{"taxonomy":"event-type","embeddable":true,"href":"https:\/\/citymuseum.lu\/de\/wp-json\/wp\/v2\/event-type?post=17829"},{"taxonomy":"public-type","embeddable":true,"href":"https:\/\/citymuseum.lu\/de\/wp-json\/wp\/v2\/public-type?post=17829"},{"taxonomy":"page-group","embeddable":true,"href":"https:\/\/citymuseum.lu\/de\/wp-json\/wp\/v2\/page-group?post=17829"}],"curies":[{"name":"wp","href":"https:\/\/api.w.org\/{rel}","templated":true}]}}