{"id":17865,"date":"2021-03-23T10:45:18","date_gmt":"2021-03-23T09:45:18","guid":{"rendered":"https:\/\/citymuseum.lu\/?page_id=17865"},"modified":"2021-03-30T11:57:39","modified_gmt":"2021-03-30T09:57:39","slug":"ein-koffer-voll-mit-ostereiern","status":"publish","type":"page","link":"https:\/\/citymuseum.lu\/de\/besuchen\/ein-koffer-voll-mit-ostereiern\/","title":{"rendered":"Ein Koffer voll mit Ostereiern"},"content":{"rendered":"<p>Bei diesem Workshop sind kreative K\u00f6pfe gefragt. Da Ostern vor der T\u00fcr steht, brauchen wir einen Platz, um die bunt gef\u00e4rbten Eier aufzubewahren. Es ist nun an den Kindern, ihre eigenen Koffer mit Hilfe von Eierkartons zu basteln und ihrer Fantasie freien Lauf zu lassen, um ihn zu dekorieren. Nun sind sie bereit f\u00fcr die Ostersuche!<\/p>\n<p>&nbsp;<\/p>\n<p>&nbsp;<\/p>\n<p>Aufgrund der Covid19-Epidemie haben wir unsere Workshops an die aktuellen sanit\u00e4ren Ma\u00dfnahmen angepasst und freuen uns darauf, Sie und Ihre Familie (max. 4 Personen) bei einem \u201eprivaten\u201c Workshop im L\u00ebtzebuerg City Museum zu begr\u00fc\u00dfen!<br \/>\nDer Workshop dauert eine Stunde. Reservierungen sollten telefonisch vorgenommen werden. Es gibt nur eine begrenzte Zahl an Terminen.<\/p>\n<p>&nbsp;<\/p>\n<p>&nbsp;<\/p>\n<p><strong>Datum<\/strong> : Samstag 03.04<br \/>\n<strong>Uhrzeit<\/strong> : 14h00 \u2013 18h00<br \/>\n<strong>Publikum<\/strong> : ab 6 Jahren<br \/>\n<strong>Eine Reservierung ist notwendig<\/strong><br \/>\n<strong>Infos<\/strong>\u00a0: T +352 4796 4500, visites@2musees.vdl.lu<\/p>\n","protected":false},"excerpt":{"rendered":"<p>Bei diesem Workshop sind kreative K\u00f6pfe gefragt. Da Ostern vor der T\u00fcr steht, brauchen wir einen Platz, um die bunt gef\u00e4rbten Eier aufzubewahren. Es ist nun an den Kindern, ihre eigenen Koffer mit Hilfe von Eierkartons zu basteln und ihrer Fantasie freien Lauf zu lassen, um ihn zu dekorieren. Nun sind sie bereit f\u00fcr die [&hellip;]<\/p>\n","protected":false},"author":14,"featured_media":17856,"parent":58,"menu_order":0,"comment_status":"closed","ping_status":"closed","template":"page-templates\/listing-page.php","meta":{"_acf_changed":false,"footnotes":""},"event-type":[],"public-type":[],"page-group":[],"class_list":["post-17865","page","type-page","status-publish","has-post-thumbnail","hentry"],"acf":[],"aioseo_notices":[],"_links":{"self":[{"href":"https:\/\/citymuseum.lu\/de\/wp-json\/wp\/v2\/pages\/17865","targetHints":{"allow":["GET"]}}],"collection":[{"href":"https:\/\/citymuseum.lu\/de\/wp-json\/wp\/v2\/pages"}],"about":[{"href":"https:\/\/citymuseum.lu\/de\/wp-json\/wp\/v2\/types\/page"}],"author":[{"embeddable":true,"href":"https:\/\/citymuseum.lu\/de\/wp-json\/wp\/v2\/users\/14"}],"replies":[{"embeddable":true,"href":"https:\/\/citymuseum.lu\/de\/wp-json\/wp\/v2\/comments?post=17865"}],"version-history":[{"count":3,"href":"https:\/\/citymuseum.lu\/de\/wp-json\/wp\/v2\/pages\/17865\/revisions"}],"predecessor-version":[{"id":17964,"href":"https:\/\/citymuseum.lu\/de\/wp-json\/wp\/v2\/pages\/17865\/revisions\/17964"}],"up":[{"embeddable":true,"href":"https:\/\/citymuseum.lu\/de\/wp-json\/wp\/v2\/pages\/58"}],"wp:featuredmedia":[{"embeddable":true,"href":"https:\/\/citymuseum.lu\/de\/wp-json\/wp\/v2\/media\/17856"}],"wp:attachment":[{"href":"https:\/\/citymuseum.lu\/de\/wp-json\/wp\/v2\/media?parent=17865"}],"wp:term":[{"taxonomy":"event-type","embeddable":true,"href":"https:\/\/citymuseum.lu\/de\/wp-json\/wp\/v2\/event-type?post=17865"},{"taxonomy":"public-type","embeddable":true,"href":"https:\/\/citymuseum.lu\/de\/wp-json\/wp\/v2\/public-type?post=17865"},{"taxonomy":"page-group","embeddable":true,"href":"https:\/\/citymuseum.lu\/de\/wp-json\/wp\/v2\/page-group?post=17865"}],"curies":[{"name":"wp","href":"https:\/\/api.w.org\/{rel}","templated":true}]}}