{"id":17913,"date":"2021-03-23T10:46:36","date_gmt":"2021-03-23T09:46:36","guid":{"rendered":"https:\/\/citymuseum.lu\/?page_id=17913"},"modified":"2021-03-30T12:01:29","modified_gmt":"2021-03-30T10:01:29","slug":"die-magie-der-rosen","status":"publish","type":"page","link":"https:\/\/citymuseum.lu\/de\/besuchen\/die-magie-der-rosen\/","title":{"rendered":"Die Magie der Rosen"},"content":{"rendered":"<p>P\u00fcnktlich zum Fr\u00fchlingsanfang wird mit den Kindern die langj\u00e4hrige Tradition der luxemburgischen Roseng\u00e4rten aufgegriffen. Mit Kreativit\u00e4t und Sorgfalt k\u00f6nnen sie aus Papier ihre eigenen Rosen basteln und daraus eine farbige Collage zaubern. Nun kann der Fr\u00fchling kommen!<\/p>\n<p>&nbsp;<\/p>\n<p>&nbsp;<\/p>\n<p>Aufgrund der Covid19-Epidemie haben wir unsere Workshops an die aktuellen sanit\u00e4ren Ma\u00dfnahmen angepasst und freuen uns darauf, Sie und Ihre Familie (max. 4 Personen) bei einem \u201eprivaten\u201c Workshop im L\u00ebtzebuerg City Museum zu begr\u00fc\u00dfen!<br \/>\nDer Workshop dauert eine Stunde. Reservierungen sollten telefonisch vorgenommen werden. Es gibt nur eine begrenzte Zahl an Terminen.<\/p>\n<p>&nbsp;<\/p>\n<p>&nbsp;<\/p>\n<p><strong>Datum<\/strong> : Freitags 09.04, 16.04<br \/>\n<strong>Uhrzeit<\/strong> : 14h00 \u2013 18h00<br \/>\n<strong>Publikum<\/strong> : Ab 4 Jahren<br \/>\n<strong>Eine Reservierung ist notwendig<\/strong><br \/>\n<strong>Infos<\/strong>\u00a0: T +352 4796 4500, visites@2musees.vdl.lu<\/p>\n","protected":false},"excerpt":{"rendered":"<p>P\u00fcnktlich zum Fr\u00fchlingsanfang wird mit den Kindern die langj\u00e4hrige Tradition der luxemburgischen Roseng\u00e4rten aufgegriffen. Mit Kreativit\u00e4t und Sorgfalt k\u00f6nnen sie aus Papier ihre eigenen Rosen basteln und daraus eine farbige Collage zaubern. Nun kann der Fr\u00fchling kommen! &nbsp; &nbsp; Aufgrund der Covid19-Epidemie haben wir unsere Workshops an die aktuellen sanit\u00e4ren Ma\u00dfnahmen angepasst und freuen uns [&hellip;]<\/p>\n","protected":false},"author":14,"featured_media":17904,"parent":58,"menu_order":0,"comment_status":"closed","ping_status":"closed","template":"page-templates\/listing-page.php","meta":{"_acf_changed":false,"footnotes":""},"event-type":[],"public-type":[],"page-group":[],"class_list":["post-17913","page","type-page","status-publish","has-post-thumbnail","hentry"],"acf":[],"aioseo_notices":[],"_links":{"self":[{"href":"https:\/\/citymuseum.lu\/de\/wp-json\/wp\/v2\/pages\/17913","targetHints":{"allow":["GET"]}}],"collection":[{"href":"https:\/\/citymuseum.lu\/de\/wp-json\/wp\/v2\/pages"}],"about":[{"href":"https:\/\/citymuseum.lu\/de\/wp-json\/wp\/v2\/types\/page"}],"author":[{"embeddable":true,"href":"https:\/\/citymuseum.lu\/de\/wp-json\/wp\/v2\/users\/14"}],"replies":[{"embeddable":true,"href":"https:\/\/citymuseum.lu\/de\/wp-json\/wp\/v2\/comments?post=17913"}],"version-history":[{"count":2,"href":"https:\/\/citymuseum.lu\/de\/wp-json\/wp\/v2\/pages\/17913\/revisions"}],"predecessor-version":[{"id":17928,"href":"https:\/\/citymuseum.lu\/de\/wp-json\/wp\/v2\/pages\/17913\/revisions\/17928"}],"up":[{"embeddable":true,"href":"https:\/\/citymuseum.lu\/de\/wp-json\/wp\/v2\/pages\/58"}],"wp:featuredmedia":[{"embeddable":true,"href":"https:\/\/citymuseum.lu\/de\/wp-json\/wp\/v2\/media\/17904"}],"wp:attachment":[{"href":"https:\/\/citymuseum.lu\/de\/wp-json\/wp\/v2\/media?parent=17913"}],"wp:term":[{"taxonomy":"event-type","embeddable":true,"href":"https:\/\/citymuseum.lu\/de\/wp-json\/wp\/v2\/event-type?post=17913"},{"taxonomy":"public-type","embeddable":true,"href":"https:\/\/citymuseum.lu\/de\/wp-json\/wp\/v2\/public-type?post=17913"},{"taxonomy":"page-group","embeddable":true,"href":"https:\/\/citymuseum.lu\/de\/wp-json\/wp\/v2\/page-group?post=17913"}],"curies":[{"name":"wp","href":"https:\/\/api.w.org\/{rel}","templated":true}]}}