{"id":20223,"date":"2021-09-27T11:08:23","date_gmt":"2021-09-27T09:08:23","guid":{"rendered":"https:\/\/citymuseum.lu\/besuchen\/letzebuerg-city-youseum\/"},"modified":"2022-10-18T09:06:33","modified_gmt":"2022-10-18T07:06:33","slug":"letzebuerg-city-youseum","status":"publish","type":"page","link":"https:\/\/citymuseum.lu\/de\/besuchen\/letzebuerg-city-youseum\/","title":{"rendered":"L\u00ebtzebuerg City YOUseum"},"content":{"rendered":"<p>Auf seinem YouTube-Kanal &#8220;L\u00ebtzebuerg City Youseum&#8221; hat das Museum gerade seine erste Serie &#8220;E staarkt St\u00e9ck&#8221; gestartet, die Objekten aus seinen Sammlungen gewidmet ist. In jeder Episode besucht ein leicht m\u00fcrrischer Rentner (gespielt von Will Aust) auf resolut humorvolle Art und Weise einen Ort in der Stadt, um anhand eines Objekts die Geschichte des Ortes zu entdecken. Jedes Mal ist dieses Objekt eng mit dem Ort verbunden, an dem sich Will befindet, und die beiden Maskottchen der 2 Stadtmuseen, Mil der Hund und Edward der Vogel, l\u00fcften alle Geheimnisse.<\/p>\n<p><strong>10. Episode: \u00abE staarkt St\u00e9ck Vakanz\u00bb<\/strong><br \/>\n<iframe loading=\"lazy\" title=\"Episode 010 - E staarkt St\u00e9ck Vakanz\" width=\"573\" height=\"322\" src=\"https:\/\/www.youtube.com\/embed\/VHTGB0oHgUQ?feature=oembed\" frameborder=\"0\" allow=\"accelerometer; autoplay; clipboard-write; encrypted-media; gyroscope; picture-in-picture\" allowfullscreen><\/iframe><\/p>\n<p><strong>9. Episode: \u00abE staarkt St\u00e9ck Blech\u00bb<\/strong><br \/>\n<iframe loading=\"lazy\" title=\"Episode 009 - E staarkt St\u00e9ck Blech\" width=\"573\" height=\"322\" src=\"https:\/\/www.youtube.com\/embed\/datHpaRe4SE?feature=oembed\" frameborder=\"0\" allow=\"accelerometer; autoplay; clipboard-write; encrypted-media; gyroscope; picture-in-picture\" allowfullscreen><\/iframe><\/p>\n<p><strong>8. Episode: \u00abE staarkt St\u00e9ck Stoff\u00bb<\/strong><br \/>\n<iframe loading=\"lazy\" title=\"Episode 008 - E staarkt St\u00e9ck Stoff\" width=\"573\" height=\"322\" src=\"https:\/\/www.youtube.com\/embed\/lOwsEkxrwog?feature=oembed\" frameborder=\"0\" allow=\"accelerometer; autoplay; clipboard-write; encrypted-media; gyroscope; picture-in-picture\" allowfullscreen><\/iframe><\/p>\n<p><strong>7. Episode: \u00abE staarkt St\u00e9ck Kappgezei\u00bb<\/strong><br \/>\n<iframe loading=\"lazy\" title=\"Episode 007 - E staarkt St\u00e9ck Kappgezei\" width=\"573\" height=\"322\" src=\"https:\/\/www.youtube.com\/embed\/GzgpaiYWiLw?feature=oembed\" frameborder=\"0\" allow=\"accelerometer; autoplay; clipboard-write; encrypted-media; gyroscope; picture-in-picture\" allowfullscreen><\/iframe><\/p>\n<p><strong>6. Episode: \u00abE staarkt St\u00e9ck Pafendall\u00bb<\/strong><br \/>\n<iframe loading=\"lazy\" title=\"Episode 006 - E staarkt St\u00e9ck Pafendall\" width=\"573\" height=\"322\" src=\"https:\/\/www.youtube.com\/embed\/HutowgkyoCc?feature=oembed\" frameborder=\"0\" allow=\"accelerometer; autoplay; clipboard-write; encrypted-media; gyroscope; picture-in-picture\" allowfullscreen><\/iframe><\/p>\n<p><strong>5. Episode: \u00abE staarkt St\u00e9ck Papeier\u00bb<\/strong><br \/>\n<iframe loading=\"lazy\" title=\"Episode 005 - E staarkt St\u00e9ck Pabeier\" width=\"573\" height=\"322\" src=\"https:\/\/www.youtube.com\/embed\/dEB6SWlOuvY?list=PLi1UKIhWu5wItd7m2Zhr1Hcf0d3T9KZtZ\" frameborder=\"0\" allow=\"accelerometer; autoplay; clipboard-write; encrypted-media; gyroscope; picture-in-picture\" allowfullscreen><\/iframe><\/p>\n<p><strong>4. Episode: \u00abE staarkt St\u00e9ck Schoul\u00bb<\/strong><br \/>\n<iframe loading=\"lazy\" title=\"Episode 004 - E staarkt St\u00e9ck Schoul\" width=\"573\" height=\"322\" src=\"https:\/\/www.youtube.com\/embed\/x5rc59QLAuM?list=PLi1UKIhWu5wItd7m2Zhr1Hcf0d3T9KZtZ\" frameborder=\"0\" allow=\"accelerometer; autoplay; clipboard-write; encrypted-media; gyroscope; picture-in-picture\" allowfullscreen><\/iframe><\/p>\n<p><strong>3. Episode: \u00abE staarkt St\u00e9ck Happ\u00bb<\/strong><br \/>\n<iframe loading=\"lazy\" title=\"Episode 003 - E staarkt St\u00e9ck Happ\" width=\"573\" height=\"322\" src=\"https:\/\/www.youtube.com\/embed\/62HnpAx7xII?list=PLi1UKIhWu5wItd7m2Zhr1Hcf0d3T9KZtZ\" frameborder=\"0\" allow=\"accelerometer; autoplay; clipboard-write; encrypted-media; gyroscope; picture-in-picture\" allowfullscreen><\/iframe><\/p>\n<p><strong>2. Episode:\u00abE staarkt St\u00e9ck Stad\u00bb<\/strong><br \/>\n<iframe loading=\"lazy\" title=\"Episode 002 - E staarkt St\u00e9ck Stad\" width=\"573\" height=\"322\" src=\"https:\/\/www.youtube.com\/embed\/3_n02L8K_fo?list=PLi1UKIhWu5wItd7m2Zhr1Hcf0d3T9KZtZ\" frameborder=\"0\" allow=\"accelerometer; autoplay; clipboard-write; encrypted-media; gyroscope; picture-in-picture\" allowfullscreen><\/iframe><\/p>\n<p><strong>1. Episode:\u00abE staarkt St\u00e9ck Porzel\u00e4in\u00bb<\/strong><br \/>\n<iframe loading=\"lazy\" title=\"Episode 001 - E staarkt St\u00e9ck Porzel\u00e4in\" width=\"573\" height=\"322\" src=\"https:\/\/www.youtube.com\/embed\/pq-fbxpHSyY?feature=oembed\" frameborder=\"0\" allow=\"accelerometer; autoplay; clipboard-write; encrypted-media; gyroscope; picture-in-picture\" allowfullscreen><\/iframe><\/p>\n","protected":false},"excerpt":{"rendered":"<p>Auf seinem YouTube-Kanal &#8220;L\u00ebtzebuerg City Youseum&#8221; hat das Museum gerade seine erste Serie &#8220;E staarkt St\u00e9ck&#8221; gestartet, die Objekten aus seinen Sammlungen gewidmet ist. In jeder Episode besucht ein leicht m\u00fcrrischer Rentner (gespielt von Will Aust) auf resolut humorvolle Art und Weise einen Ort in der Stadt, um anhand eines Objekts die Geschichte des Ortes [&hellip;]<\/p>\n","protected":false},"author":3,"featured_media":18721,"parent":58,"menu_order":0,"comment_status":"closed","ping_status":"closed","template":"page-templates\/generic-page.php","meta":{"_acf_changed":false,"footnotes":""},"event-type":[],"public-type":[],"page-group":[],"class_list":["post-20223","page","type-page","status-publish","has-post-thumbnail","hentry"],"acf":[],"aioseo_notices":[],"_links":{"self":[{"href":"https:\/\/citymuseum.lu\/de\/wp-json\/wp\/v2\/pages\/20223","targetHints":{"allow":["GET"]}}],"collection":[{"href":"https:\/\/citymuseum.lu\/de\/wp-json\/wp\/v2\/pages"}],"about":[{"href":"https:\/\/citymuseum.lu\/de\/wp-json\/wp\/v2\/types\/page"}],"author":[{"embeddable":true,"href":"https:\/\/citymuseum.lu\/de\/wp-json\/wp\/v2\/users\/3"}],"replies":[{"embeddable":true,"href":"https:\/\/citymuseum.lu\/de\/wp-json\/wp\/v2\/comments?post=20223"}],"version-history":[{"count":5,"href":"https:\/\/citymuseum.lu\/de\/wp-json\/wp\/v2\/pages\/20223\/revisions"}],"predecessor-version":[{"id":23152,"href":"https:\/\/citymuseum.lu\/de\/wp-json\/wp\/v2\/pages\/20223\/revisions\/23152"}],"up":[{"embeddable":true,"href":"https:\/\/citymuseum.lu\/de\/wp-json\/wp\/v2\/pages\/58"}],"wp:featuredmedia":[{"embeddable":true,"href":"https:\/\/citymuseum.lu\/de\/wp-json\/wp\/v2\/media\/18721"}],"wp:attachment":[{"href":"https:\/\/citymuseum.lu\/de\/wp-json\/wp\/v2\/media?parent=20223"}],"wp:term":[{"taxonomy":"event-type","embeddable":true,"href":"https:\/\/citymuseum.lu\/de\/wp-json\/wp\/v2\/event-type?post=20223"},{"taxonomy":"public-type","embeddable":true,"href":"https:\/\/citymuseum.lu\/de\/wp-json\/wp\/v2\/public-type?post=20223"},{"taxonomy":"page-group","embeddable":true,"href":"https:\/\/citymuseum.lu\/de\/wp-json\/wp\/v2\/page-group?post=20223"}],"curies":[{"name":"wp","href":"https:\/\/api.w.org\/{rel}","templated":true}]}}