{"id":25517,"date":"2023-06-27T11:02:59","date_gmt":"2023-06-27T09:02:59","guid":{"rendered":"https:\/\/citymuseum.lu\/besuchen\/visites-en-lignes\/mapping-luxembourg\/"},"modified":"2023-06-27T11:20:15","modified_gmt":"2023-06-27T09:20:15","slug":"mapping-luxembourg","status":"publish","type":"page","link":"https:\/\/citymuseum.lu\/de\/besuchen\/visites-en-lignes\/mapping-luxembourg\/","title":{"rendered":"Mapping Luxembourg"},"content":{"rendered":"<p>Mapping Luxembourg erm\u00f6glicht den Besuchern historische Pl\u00e4ne von Luxemburg-Stadt mit der heutigen Stadt auf Google Maps zu vergleichen. Die Seite mapping-luxembourg.lu ist nicht mehr online zug\u00e4nglich. Sie k\u00f6nnen jedoch auf die Pl\u00e4ne zugreifen, indem Sie unsere #MUSETECHLOUNGE im Museum besuchen.<\/p>\n","protected":false},"excerpt":{"rendered":"<p>Mapping Luxembourg erm\u00f6glicht den Besuchern historische Pl\u00e4ne von Luxemburg-Stadt mit der heutigen Stadt auf Google Maps zu vergleichen. Die Seite mapping-luxembourg.lu ist nicht mehr online zug\u00e4nglich. Sie k\u00f6nnen jedoch auf die Pl\u00e4ne zugreifen, indem Sie unsere #MUSETECHLOUNGE im Museum besuchen.<\/p>\n","protected":false},"author":3,"featured_media":3940,"parent":4862,"menu_order":0,"comment_status":"closed","ping_status":"closed","template":"page-templates\/generic-page.php","meta":{"_acf_changed":false,"footnotes":""},"event-type":[],"public-type":[],"page-group":[],"class_list":["post-25517","page","type-page","status-publish","has-post-thumbnail","hentry"],"acf":[],"aioseo_notices":[],"_links":{"self":[{"href":"https:\/\/citymuseum.lu\/de\/wp-json\/wp\/v2\/pages\/25517","targetHints":{"allow":["GET"]}}],"collection":[{"href":"https:\/\/citymuseum.lu\/de\/wp-json\/wp\/v2\/pages"}],"about":[{"href":"https:\/\/citymuseum.lu\/de\/wp-json\/wp\/v2\/types\/page"}],"author":[{"embeddable":true,"href":"https:\/\/citymuseum.lu\/de\/wp-json\/wp\/v2\/users\/3"}],"replies":[{"embeddable":true,"href":"https:\/\/citymuseum.lu\/de\/wp-json\/wp\/v2\/comments?post=25517"}],"version-history":[{"count":2,"href":"https:\/\/citymuseum.lu\/de\/wp-json\/wp\/v2\/pages\/25517\/revisions"}],"predecessor-version":[{"id":25529,"href":"https:\/\/citymuseum.lu\/de\/wp-json\/wp\/v2\/pages\/25517\/revisions\/25529"}],"up":[{"embeddable":true,"href":"https:\/\/citymuseum.lu\/de\/wp-json\/wp\/v2\/pages\/4862"}],"wp:featuredmedia":[{"embeddable":true,"href":"https:\/\/citymuseum.lu\/de\/wp-json\/wp\/v2\/media\/3940"}],"wp:attachment":[{"href":"https:\/\/citymuseum.lu\/de\/wp-json\/wp\/v2\/media?parent=25517"}],"wp:term":[{"taxonomy":"event-type","embeddable":true,"href":"https:\/\/citymuseum.lu\/de\/wp-json\/wp\/v2\/event-type?post=25517"},{"taxonomy":"public-type","embeddable":true,"href":"https:\/\/citymuseum.lu\/de\/wp-json\/wp\/v2\/public-type?post=25517"},{"taxonomy":"page-group","embeddable":true,"href":"https:\/\/citymuseum.lu\/de\/wp-json\/wp\/v2\/page-group?post=25517"}],"curies":[{"name":"wp","href":"https:\/\/api.w.org\/{rel}","templated":true}]}}