{"id":4664,"date":"2015-05-22T15:16:05","date_gmt":"2015-05-22T13:16:05","guid":{"rendered":"https:\/\/citymuseum.lu\/das-museum\/mission-statement\/"},"modified":"2023-05-25T09:06:26","modified_gmt":"2023-05-25T07:06:26","slug":"mission-statement","status":"publish","type":"page","link":"https:\/\/citymuseum.lu\/de\/das-museum\/mission-statement\/","title":{"rendered":"Leitbild"},"content":{"rendered":"<p>Das L\u00ebtzebuerg City Museum ist ein Gesellschaftsmuseum, das sich mit Themen befasst, die f\u00fcr die Stadt Luxemburg und ihre Bev\u00f6lkerung relevant sind. Seine Mission ist in drei Bereiche gegliedert:<\/p>\n<p>&#8211; Sammeln, Bewahren, Erforschen und Ausstellen des materiellen und immateriellen Erbes der Stadt und ihrer Bewohner ;<br \/>\n&#8211; Die Geschichte der Stadt, ihres Territoriums und ihrer Bev\u00f6lkerung von den Urspr\u00fcngen im 10. Jahrhundert bis heute erz\u00e4hlen und sie dabei in einen sowohl nationalen als auch transnationalen Kontext stellen ;<br \/>\n&#8211; Ein Ort der Information, der Reflexion und der Debatte \u00fcber soziokulturelle Themen sein, die die B\u00fcrger und die heutige Stadtgesellschaft besch\u00e4ftigen.<\/p>\n<p>Das L\u00ebtzebuerg City Museum legt gro\u00dfen Wert auf die Einbeziehung des Publikums und die digitale Vermittlung. Das Museum soll ein zug\u00e4nglicher Ort sein, an dem Besucher jeden Alters und jeder Herkunft erfahren kann was die Vergangenheit und die Gegenwart miteinander verbindet.<\/p>\n","protected":false},"excerpt":{"rendered":"<p>Das L\u00ebtzebuerg City Museum ist ein Gesellschaftsmuseum, das sich mit Themen befasst, die f\u00fcr die Stadt Luxemburg und ihre Bev\u00f6lkerung relevant sind. Seine Mission ist in drei Bereiche gegliedert: &#8211; Sammeln, Bewahren, Erforschen und Ausstellen des materiellen und immateriellen Erbes der Stadt und ihrer Bewohner ; &#8211; Die Geschichte der Stadt, ihres Territoriums und ihrer [&hellip;]<\/p>\n","protected":false},"author":3,"featured_media":4402,"parent":304,"menu_order":0,"comment_status":"open","ping_status":"open","template":"page-templates\/generic-page.php","meta":{"_acf_changed":false,"footnotes":""},"event-type":[],"public-type":[],"page-group":[174,178],"class_list":["post-4664","page","type-page","status-publish","has-post-thumbnail","hentry","page-group-museum","page-group-musee-de"],"acf":[],"aioseo_notices":[],"_links":{"self":[{"href":"https:\/\/citymuseum.lu\/de\/wp-json\/wp\/v2\/pages\/4664","targetHints":{"allow":["GET"]}}],"collection":[{"href":"https:\/\/citymuseum.lu\/de\/wp-json\/wp\/v2\/pages"}],"about":[{"href":"https:\/\/citymuseum.lu\/de\/wp-json\/wp\/v2\/types\/page"}],"author":[{"embeddable":true,"href":"https:\/\/citymuseum.lu\/de\/wp-json\/wp\/v2\/users\/3"}],"replies":[{"embeddable":true,"href":"https:\/\/citymuseum.lu\/de\/wp-json\/wp\/v2\/comments?post=4664"}],"version-history":[{"count":9,"href":"https:\/\/citymuseum.lu\/de\/wp-json\/wp\/v2\/pages\/4664\/revisions"}],"predecessor-version":[{"id":25305,"href":"https:\/\/citymuseum.lu\/de\/wp-json\/wp\/v2\/pages\/4664\/revisions\/25305"}],"up":[{"embeddable":true,"href":"https:\/\/citymuseum.lu\/de\/wp-json\/wp\/v2\/pages\/304"}],"wp:featuredmedia":[{"embeddable":true,"href":"https:\/\/citymuseum.lu\/de\/wp-json\/wp\/v2\/media\/4402"}],"wp:attachment":[{"href":"https:\/\/citymuseum.lu\/de\/wp-json\/wp\/v2\/media?parent=4664"}],"wp:term":[{"taxonomy":"event-type","embeddable":true,"href":"https:\/\/citymuseum.lu\/de\/wp-json\/wp\/v2\/event-type?post=4664"},{"taxonomy":"public-type","embeddable":true,"href":"https:\/\/citymuseum.lu\/de\/wp-json\/wp\/v2\/public-type?post=4664"},{"taxonomy":"page-group","embeddable":true,"href":"https:\/\/citymuseum.lu\/de\/wp-json\/wp\/v2\/page-group?post=4664"}],"curies":[{"name":"wp","href":"https:\/\/api.w.org\/{rel}","templated":true}]}}