{"id":4762,"date":"2015-06-03T17:28:46","date_gmt":"2015-06-03T15:28:46","guid":{"rendered":"https:\/\/citymuseum.lu\/das-museum\/musees-partenaires\/"},"modified":"2015-08-31T15:00:23","modified_gmt":"2015-08-31T13:00:23","slug":"musees-partenaires","status":"publish","type":"page","link":"https:\/\/citymuseum.lu\/de\/das-museum\/musees-partenaires\/","title":{"rendered":"Partnermuseen"},"content":{"rendered":"<p>Vielen Dank an die Museen f\u00fcr die gute Zusammenarbeit :<\/p>\n<ul>\n<li>Mus\u00e9e National d&#8217;Histoire et d&#8217;Art (MNHA), Luxembourg (L)<\/li>\n<li>Mudam, Luxembourg (L)<\/li>\n<li>Mus\u00e9e 3 Eechelen (M3E), Luxembourg (L)<\/li>\n<li>Mus\u00e9e rural Peppange, Peppange (L)<\/li>\n<li>Mus\u00e9e &#8220;A Possen&#8221;, Mus\u00e9e Folklorique et Viticole- Mus\u00e9e de Jouets, Bech-Kleinmacher\u00a0(L)<\/li>\n<li>Mus\u00e9e militaire Diekirch, Diekirch (L)<\/li>\n<li>Centre National de l&#8217;Audiovisuel (CNA), Dudelange (L)<\/li>\n<li>Simeonstift, Trier (D)<\/li>\n<li>St\u00e4dtisches Museum, Saarlouis (D)<\/li>\n<li>Mus\u00e9e de la Tour des Puces, Thionville (F)<\/li>\n<li>DASA Arbeitswelt Ausstellung, Dortmund (D)<\/li>\n<li>Helsingin kaupunginmuseo (Helsinki City Museum), Helsinki (FI)<\/li>\n<li>Haus der Geschichte, Bonn (D)<\/li>\n<li>Deutsches Historisches Museum, Berlin (D)<\/li>\n<li>Wasserschloss Klaffenbach, Chemnitz (D)<\/li>\n<li>Minnesota Historical Society, Minnesota (USA)<\/li>\n<li>Historisches Museum, Basel (CH)<\/li>\n<li>Stapferhaus Lenzburg, Lenzburg (CH)<\/li>\n<\/ul>\n<p>&nbsp;<\/p>\n","protected":false},"excerpt":{"rendered":"<p>Vielen Dank an die Museen f\u00fcr die gute Zusammenarbeit : Mus\u00e9e National d&#8217;Histoire et d&#8217;Art (MNHA), Luxembourg (L) Mudam, Luxembourg (L) Mus\u00e9e 3 Eechelen (M3E), Luxembourg (L) Mus\u00e9e rural Peppange, Peppange (L) Mus\u00e9e &#8220;A Possen&#8221;, Mus\u00e9e Folklorique et Viticole- Mus\u00e9e de Jouets, Bech-Kleinmacher\u00a0(L) Mus\u00e9e militaire Diekirch, Diekirch (L) Centre National de l&#8217;Audiovisuel (CNA), Dudelange (L) [&hellip;]<\/p>\n","protected":false},"author":3,"featured_media":4759,"parent":304,"menu_order":0,"comment_status":"open","ping_status":"open","template":"page-templates\/generic-page.php","meta":{"_acf_changed":false,"footnotes":""},"event-type":[],"public-type":[],"page-group":[174],"class_list":["post-4762","page","type-page","status-publish","has-post-thumbnail","hentry","page-group-museum"],"acf":[],"aioseo_notices":[],"_links":{"self":[{"href":"https:\/\/citymuseum.lu\/de\/wp-json\/wp\/v2\/pages\/4762","targetHints":{"allow":["GET"]}}],"collection":[{"href":"https:\/\/citymuseum.lu\/de\/wp-json\/wp\/v2\/pages"}],"about":[{"href":"https:\/\/citymuseum.lu\/de\/wp-json\/wp\/v2\/types\/page"}],"author":[{"embeddable":true,"href":"https:\/\/citymuseum.lu\/de\/wp-json\/wp\/v2\/users\/3"}],"replies":[{"embeddable":true,"href":"https:\/\/citymuseum.lu\/de\/wp-json\/wp\/v2\/comments?post=4762"}],"version-history":[{"count":8,"href":"https:\/\/citymuseum.lu\/de\/wp-json\/wp\/v2\/pages\/4762\/revisions"}],"predecessor-version":[{"id":5730,"href":"https:\/\/citymuseum.lu\/de\/wp-json\/wp\/v2\/pages\/4762\/revisions\/5730"}],"up":[{"embeddable":true,"href":"https:\/\/citymuseum.lu\/de\/wp-json\/wp\/v2\/pages\/304"}],"wp:featuredmedia":[{"embeddable":true,"href":"https:\/\/citymuseum.lu\/de\/wp-json\/wp\/v2\/media\/4759"}],"wp:attachment":[{"href":"https:\/\/citymuseum.lu\/de\/wp-json\/wp\/v2\/media?parent=4762"}],"wp:term":[{"taxonomy":"event-type","embeddable":true,"href":"https:\/\/citymuseum.lu\/de\/wp-json\/wp\/v2\/event-type?post=4762"},{"taxonomy":"public-type","embeddable":true,"href":"https:\/\/citymuseum.lu\/de\/wp-json\/wp\/v2\/public-type?post=4762"},{"taxonomy":"page-group","embeddable":true,"href":"https:\/\/citymuseum.lu\/de\/wp-json\/wp\/v2\/page-group?post=4762"}],"curies":[{"name":"wp","href":"https:\/\/api.w.org\/{rel}","templated":true}]}}