{"id":7434,"date":"2018-04-11T14:42:17","date_gmt":"2018-04-11T12:42:17","guid":{"rendered":"https:\/\/citymuseum.lu\/de\/visite-virtuelle-de-lexposition-permanente\/"},"modified":"2026-01-07T10:05:37","modified_gmt":"2026-01-07T09:05:37","slug":"visite-virtuelle-de-lexposition-permanente","status":"publish","type":"page","link":"https:\/\/citymuseum.lu\/de\/besuchen\/visite-virtuelle-de-lexposition-permanente\/","title":{"rendered":"Virtuelle F\u00fchrungen"},"content":{"rendered":"<p>F\u00fcr alle, die Ausstellungen bequem von zu Hause aus entdecken m\u00f6chten, bieten wir 3D-Besuche unserer aktuellen und vergangenen Ausstellungen an.<br \/>\nViel Spa\u00df bei den Touren!<\/p>\n<p><strong>Aktuelle Ausstellungen<\/strong><\/p>\n<p><strong>Dauerausstellung<\/strong><\/p>\n<p>&#8211; <a href=\"https:\/\/my.matterport.com\/show\/?m=7AyNvXKakDb&#038;sr=%2C.55&#038;ss=435\">The Luxembourg Story. \u00dcber 1000 Jahre Stadtgeschichte<\/a><\/p>\n<p><strong>Sonderausstellungen: <\/strong><\/p>\n<p><a href=\"https:\/\/my.matterport.com\/show\/?m=aR4njeVDBuu&#038;ss=104&#038;sr=3.14,-.46\">CITY VISIONS<\/a><\/p>\n<p><a href=\"https:\/\/my.matterport.com\/show\/?m=nyKH7wHf7uL&#038;ss=1&#038;sr=3.02,.03\">ET LEEFT<\/a><\/p>\n<p><strong>Fr\u00fchere Ausstellungen<\/strong><br \/>\nEntdecken Sie mehr \u00fcber alle unsere vergangenen Ausstellungen in unserem Ausstellungsarchiv. Seit 2017 haben wir Links in unsere Pr\u00e4sentationen eingef\u00fcgt, die es digitalen Enthusiasten erm\u00f6glichen, jede Ausstellung in 3D zu besuchen.<\/p>\n<p><a href=\"https:\/\/citymuseum.lu\/de\/expositions\/archive\/\">Link:Ausstellungsarchiv<\/a><\/p>\n","protected":false},"excerpt":{"rendered":"<p>F\u00fcr alle, die Ausstellungen bequem von zu Hause aus entdecken m\u00f6chten, bieten wir 3D-Besuche unserer aktuellen und vergangenen Ausstellungen an. Viel Spa\u00df bei den Touren! Aktuelle Ausstellungen Dauerausstellung &#8211; The Luxembourg Story. \u00dcber 1000 Jahre Stadtgeschichte Sonderausstellungen: CITY VISIONS ET LEEFT Fr\u00fchere Ausstellungen Entdecken Sie mehr \u00fcber alle unsere vergangenen Ausstellungen in unserem Ausstellungsarchiv. Seit [&hellip;]<\/p>\n","protected":false},"author":3,"featured_media":7477,"parent":58,"menu_order":0,"comment_status":"closed","ping_status":"closed","template":"page-templates\/generic-page.php","meta":{"_acf_changed":false,"footnotes":""},"event-type":[],"public-type":[],"page-group":[],"class_list":["post-7434","page","type-page","status-publish","has-post-thumbnail","hentry"],"acf":[],"aioseo_notices":[],"_links":{"self":[{"href":"https:\/\/citymuseum.lu\/de\/wp-json\/wp\/v2\/pages\/7434","targetHints":{"allow":["GET"]}}],"collection":[{"href":"https:\/\/citymuseum.lu\/de\/wp-json\/wp\/v2\/pages"}],"about":[{"href":"https:\/\/citymuseum.lu\/de\/wp-json\/wp\/v2\/types\/page"}],"author":[{"embeddable":true,"href":"https:\/\/citymuseum.lu\/de\/wp-json\/wp\/v2\/users\/3"}],"replies":[{"embeddable":true,"href":"https:\/\/citymuseum.lu\/de\/wp-json\/wp\/v2\/comments?post=7434"}],"version-history":[{"count":13,"href":"https:\/\/citymuseum.lu\/de\/wp-json\/wp\/v2\/pages\/7434\/revisions"}],"predecessor-version":[{"id":35943,"href":"https:\/\/citymuseum.lu\/de\/wp-json\/wp\/v2\/pages\/7434\/revisions\/35943"}],"up":[{"embeddable":true,"href":"https:\/\/citymuseum.lu\/de\/wp-json\/wp\/v2\/pages\/58"}],"wp:featuredmedia":[{"embeddable":true,"href":"https:\/\/citymuseum.lu\/de\/wp-json\/wp\/v2\/media\/7477"}],"wp:attachment":[{"href":"https:\/\/citymuseum.lu\/de\/wp-json\/wp\/v2\/media?parent=7434"}],"wp:term":[{"taxonomy":"event-type","embeddable":true,"href":"https:\/\/citymuseum.lu\/de\/wp-json\/wp\/v2\/event-type?post=7434"},{"taxonomy":"public-type","embeddable":true,"href":"https:\/\/citymuseum.lu\/de\/wp-json\/wp\/v2\/public-type?post=7434"},{"taxonomy":"page-group","embeddable":true,"href":"https:\/\/citymuseum.lu\/de\/wp-json\/wp\/v2\/page-group?post=7434"}],"curies":[{"name":"wp","href":"https:\/\/api.w.org\/{rel}","templated":true}]}}