{"id":20220,"date":"2021-09-27T11:08:23","date_gmt":"2021-09-27T09:08:23","guid":{"rendered":"https:\/\/citymuseum.lu\/visit\/letzebuerg-city-youseum\/"},"modified":"2022-10-18T09:07:02","modified_gmt":"2022-10-18T07:07:02","slug":"letzebuerg-city-youseum","status":"publish","type":"page","link":"https:\/\/citymuseum.lu\/en\/visit\/letzebuerg-city-youseum\/","title":{"rendered":"L\u00ebtzebuerg City YOUseum"},"content":{"rendered":"<p>On its YouTube channel &#8216;L\u00ebtzebuerg City Youseum&#8217;, the museum has just launched its first series &#8216;E staarkt St\u00e9ck&#8217;, dedicated to objects kept in its collections. In each episode, in a resolutely humorous tone, a slightly sullen pensioner (played by Will Aust) visits a place in the city to discover the history of the site through an object. Each time, the object is closely linked to the place where Will is, and the two mascots of Les 2 Mus\u00e9es de la Ville, Mil the dog and Edward the bird, reveal all the secrets.<\/p>\n<p><strong>10th episode: \u00abE staarkt St\u00e9ck Vakanz\u00bb<\/strong><br \/>\n<iframe loading=\"lazy\" title=\"Episode 010 - E staarkt St\u00e9ck Vakanz\" width=\"573\" height=\"322\" src=\"https:\/\/www.youtube.com\/embed\/VHTGB0oHgUQ?feature=oembed\" frameborder=\"0\" allow=\"accelerometer; autoplay; clipboard-write; encrypted-media; gyroscope; picture-in-picture\" allowfullscreen><\/iframe><\/p>\n<p><strong>9th episode: \u00abE staarkt St\u00e9ck Blech\u00bb<\/strong><br \/>\n<iframe loading=\"lazy\" title=\"Episode 009 - E staarkt St\u00e9ck Blech\" width=\"573\" height=\"322\" src=\"https:\/\/www.youtube.com\/embed\/datHpaRe4SE?feature=oembed\" frameborder=\"0\" allow=\"accelerometer; autoplay; clipboard-write; encrypted-media; gyroscope; picture-in-picture\" allowfullscreen><\/iframe><\/p>\n<p><strong>8th episode: \u00abE staarkt St\u00e9ck Stoff\u00bb<\/strong><br \/>\n<iframe loading=\"lazy\" title=\"Episode 008 - E staarkt St\u00e9ck Stoff\" width=\"573\" height=\"322\" src=\"https:\/\/www.youtube.com\/embed\/lOwsEkxrwog?feature=oembed\" frameborder=\"0\" allow=\"accelerometer; autoplay; clipboard-write; encrypted-media; gyroscope; picture-in-picture\" allowfullscreen><\/iframe><\/p>\n<p><strong>7th episode: \u00abE staarkt St\u00e9ck Kappgezei\u00bb<\/strong><br \/>\n<iframe loading=\"lazy\" title=\"Episode 007 - E staarkt St\u00e9ck Kappgezei\" width=\"573\" height=\"322\" src=\"https:\/\/www.youtube.com\/embed\/GzgpaiYWiLw?feature=oembed\" frameborder=\"0\" allow=\"accelerometer; autoplay; clipboard-write; encrypted-media; gyroscope; picture-in-picture\" allowfullscreen><\/iframe><\/p>\n<p><strong>6th episode: \u00abE staarkt St\u00e9ck Pafendall\u00bb<\/strong><br \/>\n<iframe loading=\"lazy\" title=\"Episode 006 - E staarkt St\u00e9ck Pafendall\" width=\"573\" height=\"322\" src=\"https:\/\/www.youtube.com\/embed\/HutowgkyoCc?feature=oembed\" frameborder=\"0\" allow=\"accelerometer; autoplay; clipboard-write; encrypted-media; gyroscope; picture-in-picture\" allowfullscreen><\/iframe><\/p>\n<p><strong>5th episode: \u00abE staarkt St\u00e9ck Papeier\u00bb<\/strong><br \/>\n<iframe loading=\"lazy\" title=\"Episode 005 - E staarkt St\u00e9ck Pabeier\" width=\"573\" height=\"322\" src=\"https:\/\/www.youtube.com\/embed\/dEB6SWlOuvY?list=PLi1UKIhWu5wItd7m2Zhr1Hcf0d3T9KZtZ\" frameborder=\"0\" allow=\"accelerometer; autoplay; clipboard-write; encrypted-media; gyroscope; picture-in-picture\" allowfullscreen><\/iframe><\/p>\n<p><strong>4th episode: \u00abE staarkt St\u00e9ck Schoul\u00bb<\/strong><br \/>\n<iframe loading=\"lazy\" title=\"Episode 004 - E staarkt St\u00e9ck Schoul\" width=\"573\" height=\"322\" src=\"https:\/\/www.youtube.com\/embed\/x5rc59QLAuM?list=PLi1UKIhWu5wItd7m2Zhr1Hcf0d3T9KZtZ\" frameborder=\"0\" allow=\"accelerometer; autoplay; clipboard-write; encrypted-media; gyroscope; picture-in-picture\" allowfullscreen><\/iframe><\/p>\n<p><strong>3th episode: \u00abE staarkt St\u00e9ck Happ\u00bb<\/strong><br \/>\n<iframe loading=\"lazy\" title=\"Episode 003 - E staarkt St\u00e9ck Happ\" width=\"573\" height=\"322\" src=\"https:\/\/www.youtube.com\/embed\/62HnpAx7xII?list=PLi1UKIhWu5wItd7m2Zhr1Hcf0d3T9KZtZ\" frameborder=\"0\" allow=\"accelerometer; autoplay; clipboard-write; encrypted-media; gyroscope; picture-in-picture\" allowfullscreen><\/iframe><\/p>\n<p><strong>2th episode:\u00abE staarkt St\u00e9ck Stad\u00bb<\/strong><br \/>\n<iframe loading=\"lazy\" title=\"Episode 002 - E staarkt St\u00e9ck Stad\" width=\"573\" height=\"322\" src=\"https:\/\/www.youtube.com\/embed\/3_n02L8K_fo?list=PLi1UKIhWu5wItd7m2Zhr1Hcf0d3T9KZtZ\" frameborder=\"0\" allow=\"accelerometer; autoplay; clipboard-write; encrypted-media; gyroscope; picture-in-picture\" allowfullscreen><\/iframe><\/p>\n<p><strong>1st episode:\u00abE staarkt St\u00e9ck Porzel\u00e4in\u00bb<\/strong><br \/>\n<iframe loading=\"lazy\" title=\"Episode 001 - E staarkt St\u00e9ck Porzel\u00e4in\" width=\"573\" height=\"322\" src=\"https:\/\/www.youtube.com\/embed\/pq-fbxpHSyY?feature=oembed\" frameborder=\"0\" allow=\"accelerometer; autoplay; clipboard-write; encrypted-media; gyroscope; picture-in-picture\" allowfullscreen><\/iframe><\/p>\n","protected":false},"excerpt":{"rendered":"<p>On its YouTube channel &#8216;L\u00ebtzebuerg City Youseum&#8217;, the museum has just launched its first series &#8216;E staarkt St\u00e9ck&#8217;, dedicated to objects kept in its collections. In each episode, in a resolutely humorous tone, a slightly sullen pensioner (played by Will Aust) visits a place in the city to discover the history of the site through [&hellip;]<\/p>\n","protected":false},"author":3,"featured_media":18718,"parent":56,"menu_order":0,"comment_status":"closed","ping_status":"closed","template":"page-templates\/generic-page.php","meta":{"_acf_changed":false,"footnotes":""},"event-type":[],"public-type":[],"page-group":[],"class_list":["post-20220","page","type-page","status-publish","has-post-thumbnail","hentry"],"acf":[],"aioseo_notices":[],"_links":{"self":[{"href":"https:\/\/citymuseum.lu\/en\/wp-json\/wp\/v2\/pages\/20220","targetHints":{"allow":["GET"]}}],"collection":[{"href":"https:\/\/citymuseum.lu\/en\/wp-json\/wp\/v2\/pages"}],"about":[{"href":"https:\/\/citymuseum.lu\/en\/wp-json\/wp\/v2\/types\/page"}],"author":[{"embeddable":true,"href":"https:\/\/citymuseum.lu\/en\/wp-json\/wp\/v2\/users\/3"}],"replies":[{"embeddable":true,"href":"https:\/\/citymuseum.lu\/en\/wp-json\/wp\/v2\/comments?post=20220"}],"version-history":[{"count":4,"href":"https:\/\/citymuseum.lu\/en\/wp-json\/wp\/v2\/pages\/20220\/revisions"}],"predecessor-version":[{"id":23155,"href":"https:\/\/citymuseum.lu\/en\/wp-json\/wp\/v2\/pages\/20220\/revisions\/23155"}],"up":[{"embeddable":true,"href":"https:\/\/citymuseum.lu\/en\/wp-json\/wp\/v2\/pages\/56"}],"wp:featuredmedia":[{"embeddable":true,"href":"https:\/\/citymuseum.lu\/en\/wp-json\/wp\/v2\/media\/18718"}],"wp:attachment":[{"href":"https:\/\/citymuseum.lu\/en\/wp-json\/wp\/v2\/media?parent=20220"}],"wp:term":[{"taxonomy":"event-type","embeddable":true,"href":"https:\/\/citymuseum.lu\/en\/wp-json\/wp\/v2\/event-type?post=20220"},{"taxonomy":"public-type","embeddable":true,"href":"https:\/\/citymuseum.lu\/en\/wp-json\/wp\/v2\/public-type?post=20220"},{"taxonomy":"page-group","embeddable":true,"href":"https:\/\/citymuseum.lu\/en\/wp-json\/wp\/v2\/page-group?post=20220"}],"curies":[{"name":"wp","href":"https:\/\/api.w.org\/{rel}","templated":true}]}}