{"id":4761,"date":"2015-06-03T17:28:46","date_gmt":"2015-06-03T15:28:46","guid":{"rendered":"https:\/\/citymuseum.lu\/the-museum\/musees-partenaires\/"},"modified":"2015-08-31T15:01:05","modified_gmt":"2015-08-31T13:01:05","slug":"musees-partenaires","status":"publish","type":"page","link":"https:\/\/citymuseum.lu\/en\/the-museum\/musees-partenaires\/","title":{"rendered":"Partner"},"content":{"rendered":"<p>We thank the museums for the good cooperation in recent year for our various exhibition projects.<\/p>\n<ul>\n<li>Mus\u00e9e National d&#8217;Histoire et d&#8217;Art (MNHA), Luxembourg (L)<\/li>\n<li>Mudam, Luxembourg (L)<\/li>\n<li>Mus\u00e9e 3 Eechelen (M3E), Luxembourg (L)<\/li>\n<li>Mus\u00e9e rural Peppange, Peppange (L)<\/li>\n<li>Mus\u00e9e &#8220;A Possen&#8221;, Mus\u00e9e Folklorique et Viticole- Mus\u00e9e de Jouets, Bech-Kleinmacher\u00a0(L)<\/li>\n<li>Mus\u00e9e militaire Diekirch, Diekirch (L)<\/li>\n<li>Centre National de l&#8217;Audiovisuel (CNA), Dudelange (L)<\/li>\n<li>Simeonstift, Trier (D)<\/li>\n<li>St\u00e4dtisches Museum, Saarlouis (D)<\/li>\n<li>Mus\u00e9e de la Tour des Puces, Thionville (F)<\/li>\n<li>DASA Arbeitswelt Ausstellung, Dortmund (D)<\/li>\n<li>Helsingin kaupunginmuseo (Helsinki City Museum), Helsinki (FI)<\/li>\n<li>Haus der Geschichte, Bonn (D)<\/li>\n<li>Deutsches Historisches Museum, Berlin (D)<\/li>\n<li>Wasserschloss Klaffenbach, Chemnitz (D)<\/li>\n<li>Minnesota Historical Society, Minnesota (USA)<\/li>\n<li>Historisches Museum, Basel (CH)<\/li>\n<li>Stapferhaus Lenzburg, Lenzburg (CH)<\/li>\n<\/ul>\n","protected":false},"excerpt":{"rendered":"<p>We thank the museums for the good cooperation in recent year for our various exhibition projects. Mus\u00e9e National d&#8217;Histoire et d&#8217;Art (MNHA), Luxembourg (L) Mudam, Luxembourg (L) Mus\u00e9e 3 Eechelen (M3E), Luxembourg (L) Mus\u00e9e rural Peppange, Peppange (L) Mus\u00e9e &#8220;A Possen&#8221;, Mus\u00e9e Folklorique et Viticole- Mus\u00e9e de Jouets, Bech-Kleinmacher\u00a0(L) Mus\u00e9e militaire Diekirch, Diekirch (L) Centre [&hellip;]<\/p>\n","protected":false},"author":3,"featured_media":4758,"parent":302,"menu_order":0,"comment_status":"open","ping_status":"open","template":"page-templates\/generic-page.php","meta":{"_acf_changed":false,"footnotes":""},"event-type":[],"public-type":[],"page-group":[169],"class_list":["post-4761","page","type-page","status-publish","has-post-thumbnail","hentry","page-group-the-museum"],"acf":[],"aioseo_notices":[],"_links":{"self":[{"href":"https:\/\/citymuseum.lu\/en\/wp-json\/wp\/v2\/pages\/4761","targetHints":{"allow":["GET"]}}],"collection":[{"href":"https:\/\/citymuseum.lu\/en\/wp-json\/wp\/v2\/pages"}],"about":[{"href":"https:\/\/citymuseum.lu\/en\/wp-json\/wp\/v2\/types\/page"}],"author":[{"embeddable":true,"href":"https:\/\/citymuseum.lu\/en\/wp-json\/wp\/v2\/users\/3"}],"replies":[{"embeddable":true,"href":"https:\/\/citymuseum.lu\/en\/wp-json\/wp\/v2\/comments?post=4761"}],"version-history":[{"count":9,"href":"https:\/\/citymuseum.lu\/en\/wp-json\/wp\/v2\/pages\/4761\/revisions"}],"predecessor-version":[{"id":5732,"href":"https:\/\/citymuseum.lu\/en\/wp-json\/wp\/v2\/pages\/4761\/revisions\/5732"}],"up":[{"embeddable":true,"href":"https:\/\/citymuseum.lu\/en\/wp-json\/wp\/v2\/pages\/302"}],"wp:featuredmedia":[{"embeddable":true,"href":"https:\/\/citymuseum.lu\/en\/wp-json\/wp\/v2\/media\/4758"}],"wp:attachment":[{"href":"https:\/\/citymuseum.lu\/en\/wp-json\/wp\/v2\/media?parent=4761"}],"wp:term":[{"taxonomy":"event-type","embeddable":true,"href":"https:\/\/citymuseum.lu\/en\/wp-json\/wp\/v2\/event-type?post=4761"},{"taxonomy":"public-type","embeddable":true,"href":"https:\/\/citymuseum.lu\/en\/wp-json\/wp\/v2\/public-type?post=4761"},{"taxonomy":"page-group","embeddable":true,"href":"https:\/\/citymuseum.lu\/en\/wp-json\/wp\/v2\/page-group?post=4761"}],"curies":[{"name":"wp","href":"https:\/\/api.w.org\/{rel}","templated":true}]}}