{"id":4808,"date":"2015-06-11T13:36:13","date_gmt":"2015-06-11T11:36:13","guid":{"rendered":"https:\/\/citymuseum.lu\/a-propos-mil-2\/"},"modified":"2015-08-06T15:18:47","modified_gmt":"2015-08-06T13:18:47","slug":"a-propos-mil","status":"publish","type":"page","link":"https:\/\/citymuseum.lu\/en\/a-propos-mil\/","title":{"rendered":"Please meet&#8230;..Mil!"},"content":{"rendered":"<p align=\"LEFT\">I will highlight all the activites that have especially been conceived for schools and children in our cultural programme on our website and in the print version.<\/p>\n<p align=\"LEFT\"><a href=\"https:\/\/citymuseum.lu\/en\/visit\/agenda-2\/?publicType[]=schools\">Workshops and activities for schools<\/a><br \/>\n<a href=\"https:\/\/citymuseum.lu\/en\/visit\/agenda-2\/?publicType[]=children\">Workshops and activities for children<\/a><\/p>\n<p align=\"LEFT\">Here you may find more info on\u00a0Mil in Luxembourgish and in French.<br \/>\nPlease contact me, if you want to find out more!\u00a0 (T+352 4796 4584).<\/p>\n<p align=\"LEFT\"><strong>L<\/strong><\/p>\n<p align=\"LEFT\"><strong>Numm:<\/strong> Mil aus der Hosseg\u00e4ssel<br \/>\n<strong>Adresse:<\/strong> Mus\u00e9e d\u2019Histoire de la Ville de Luxembourg, 38, rue du March\u00e9-aux-Herbes<br \/>\n<strong>Liiblingsiessen:<\/strong> W\u00e4inzoossiss, Gromperekichelcher<br \/>\n<strong>Liiblingsausdrock:<\/strong> a lass!, allez hop! (Ah jo, ech\u00a0dibberen och g\u00e4ren J\u00e9inesch, dh. ech\u00a0schw\u00e4tzen och g\u00e4ren J\u00e9inesch zumools\u00a0w\u00e4hrend\u00a0eiser flotter\u00a0Pafendall\u00a0Expo am Mus\u00e9e)<br \/>\n<strong>Liiblingsquartier an der Stad:<\/strong> Alstad, d\u2019\u00cbmg\u00e9igend vum Mus\u00e9e bis erof an de Gronn<br \/>\n<strong>Liiblingsplaz an der Stad:<\/strong> Huelen Zant, Kasematten<br \/>\n<strong>Liiblingsraum am Mus\u00e9e:<\/strong> Panoramaraum, (um) Troun vum Grand-Duc (ass zwar net wierklech erlaabt, m\u00e4 pssst)<br \/>\n<strong>Hobbyen:<\/strong> Geschicht, duerch d\u00e9i al Festung lafen, Klaatsch &amp; Traatsch vun de Muppen aus der Stad, Fan vum M\u00e4rtchen an der Schueberfouer, Lift fueren, gekrault ginn<br \/>\n<strong>Beschte Fr\u00ebnd:<\/strong> \u00c9douard (Ed) aus der Villa Vauban<\/p>\n<p align=\"LEFT\">Bis geschw\u00ebnn,<br \/>\n\u00c4re Mil<\/p>\n<p align=\"LEFT\"><strong>F<\/strong><\/p>\n<p align=\"LEFT\"><strong>Nom :<\/strong> Mil aus der Hosseg\u00e4ssel<br \/>\n<strong>Adresse :<\/strong> Mus\u00e9e d\u2019Histoire de la Ville de Luxembourg, 38, rue du March\u00e9-aux-Herbes<br \/>\n<strong>Plat pr\u00e9f\u00e9r\u00e9 :<\/strong> \u00ab W\u00e4inzoossiss \u00bb, galettes de pommes de terre<br \/>\n<strong>Expression pr\u00e9f\u00e9r\u00e9e :<\/strong> c\u2019est parti !, allez hop !<br \/>\n<strong>Quartier pr\u00e9f\u00e9r\u00e9 en ville :<\/strong> Vieille Ville, alentours du Mus\u00e9e jusqu\u2019au Grund<br \/>\n<strong>Endroit pr\u00e9f\u00e9r\u00e9 en ville :<\/strong> Dent Creuse, casemates<br \/>\n<strong>Endroit pr\u00e9f\u00e9r\u00e9 au Mus\u00e9e :<\/strong> Salle panoramique, (sur) le thr\u00f4ne du Grand-Duc (ce n\u2019est pas vraiment permis, mais psst)<br \/>\n<strong>Hobbies :<\/strong> Histoire, me promener dans la forteresse, ragot des autres chiens en ville, fan du \u00ab M\u00e4rtchen \u00bb et de la \u00ab Schueberfouer \u00bb, prendre l\u2019ascenseur, \u00eatre caress\u00e9<br \/>\n<strong>Meilleur ami :<\/strong> \u00c9douard de la Villa Vauban<\/p>\n<p align=\"LEFT\">A+<br \/>\nVotre Mil<\/p>\n<p>(Illustrations Stina Fisch)<\/p>\n","protected":false},"excerpt":{"rendered":"<p>I will highlight all the activites that have especially been conceived for schools and children in our cultural programme on our website and in the print version. Workshops and activities for schools Workshops and activities for children Here you may find more info on\u00a0Mil in Luxembourgish and in French. Please contact me, if you want [&hellip;]<\/p>\n","protected":false},"author":1,"featured_media":5129,"parent":0,"menu_order":0,"comment_status":"open","ping_status":"open","template":"page-templates\/generic-page.php","meta":{"_acf_changed":false,"footnotes":""},"event-type":[],"public-type":[],"page-group":[],"class_list":["post-4808","page","type-page","status-publish","has-post-thumbnail","hentry"],"acf":[],"aioseo_notices":[],"_links":{"self":[{"href":"https:\/\/citymuseum.lu\/en\/wp-json\/wp\/v2\/pages\/4808","targetHints":{"allow":["GET"]}}],"collection":[{"href":"https:\/\/citymuseum.lu\/en\/wp-json\/wp\/v2\/pages"}],"about":[{"href":"https:\/\/citymuseum.lu\/en\/wp-json\/wp\/v2\/types\/page"}],"author":[{"embeddable":true,"href":"https:\/\/citymuseum.lu\/en\/wp-json\/wp\/v2\/users\/1"}],"replies":[{"embeddable":true,"href":"https:\/\/citymuseum.lu\/en\/wp-json\/wp\/v2\/comments?post=4808"}],"version-history":[{"count":4,"href":"https:\/\/citymuseum.lu\/en\/wp-json\/wp\/v2\/pages\/4808\/revisions"}],"predecessor-version":[{"id":5694,"href":"https:\/\/citymuseum.lu\/en\/wp-json\/wp\/v2\/pages\/4808\/revisions\/5694"}],"wp:featuredmedia":[{"embeddable":true,"href":"https:\/\/citymuseum.lu\/en\/wp-json\/wp\/v2\/media\/5129"}],"wp:attachment":[{"href":"https:\/\/citymuseum.lu\/en\/wp-json\/wp\/v2\/media?parent=4808"}],"wp:term":[{"taxonomy":"event-type","embeddable":true,"href":"https:\/\/citymuseum.lu\/en\/wp-json\/wp\/v2\/event-type?post=4808"},{"taxonomy":"public-type","embeddable":true,"href":"https:\/\/citymuseum.lu\/en\/wp-json\/wp\/v2\/public-type?post=4808"},{"taxonomy":"page-group","embeddable":true,"href":"https:\/\/citymuseum.lu\/en\/wp-json\/wp\/v2\/page-group?post=4808"}],"curies":[{"name":"wp","href":"https:\/\/api.w.org\/{rel}","templated":true}]}}